{"id":154,"date":"2023-01-17T01:17:34","date_gmt":"2023-01-17T00:17:34","guid":{"rendered":"https:\/\/maverda.fr\/?page_id=154"},"modified":"2023-10-30T18:55:31","modified_gmt":"2023-10-30T17:55:31","slug":"contact","status":"publish","type":"page","link":"https:\/\/maverda.fr\/index.php\/contact\/","title":{"rendered":"Contact"},"content":{"rendered":"\t\t<div data-elementor-type=\"wp-page\" data-elementor-id=\"154\" class=\"elementor elementor-154\">\n\t\t\t\t\t\t\t\t\t<section class=\"elementor-section elementor-top-section elementor-element elementor-element-11065b5 elementor-section-boxed elementor-section-height-default elementor-section-height-default\" data-id=\"11065b5\" data-element_type=\"section\">\n\t\t\t\t\t\t<div class=\"elementor-container elementor-column-gap-default\">\n\t\t\t\t\t<div class=\"elementor-column elementor-col-100 elementor-top-column elementor-element elementor-element-59c7f0a\" data-id=\"59c7f0a\" data-element_type=\"column\">\n\t\t\t<div class=\"elementor-widget-wrap elementor-element-populated\">\n\t\t\t\t\t\t\t\t<div class=\"elementor-element elementor-element-3ebaac2 elementor-widget elementor-widget-text-editor\" data-id=\"3ebaac2\" data-element_type=\"widget\" data-widget_type=\"text-editor.default\">\n\t\t\t\t<div class=\"elementor-widget-container\">\n\t\t\t<style>\/*! elementor - v3.10.0 - 09-01-2023 *\/\n.elementor-widget-text-editor.elementor-drop-cap-view-stacked .elementor-drop-cap{background-color:#818a91;color:#fff}.elementor-widget-text-editor.elementor-drop-cap-view-framed .elementor-drop-cap{color:#818a91;border:3px solid;background-color:transparent}.elementor-widget-text-editor:not(.elementor-drop-cap-view-default) .elementor-drop-cap{margin-top:8px}.elementor-widget-text-editor:not(.elementor-drop-cap-view-default) .elementor-drop-cap-letter{width:1em;height:1em}.elementor-widget-text-editor .elementor-drop-cap{float:left;text-align:center;line-height:1;font-size:50px}.elementor-widget-text-editor .elementor-drop-cap-letter{display:inline-block}<\/style>\t\t\t\t<p>Adresse si\u00e8ge administratif :<\/p><p>Immeuble Antar\u00e8s BP 70183 &#8211; T\u00e9l\u00e9port 4 86962 FUTUROSCOPE Cedex<\/p>\t\t\t\t\t\t<\/div>\n\t\t\t\t<\/div>\n\t\t\t\t\t<\/div>\n\t\t<\/div>\n\t\t\t\t\t\t\t<\/div>\n\t\t<\/section>\n\t\t\t\t<section class=\"elementor-section elementor-top-section elementor-element elementor-element-9e32441 elementor-section-boxed elementor-section-height-default elementor-section-height-default\" data-id=\"9e32441\" data-element_type=\"section\">\n\t\t\t\t\t\t<div class=\"elementor-container elementor-column-gap-default\">\n\t\t\t\t\t<div class=\"elementor-column elementor-col-100 elementor-top-column elementor-element elementor-element-b01b21d\" data-id=\"b01b21d\" data-element_type=\"column\">\n\t\t\t<div class=\"elementor-widget-wrap elementor-element-populated\">\n\t\t\t\t\t\t\t\t<div class=\"elementor-element elementor-element-ece0f0f elementor-widget elementor-widget-text-editor\" data-id=\"ece0f0f\" data-element_type=\"widget\" data-widget_type=\"text-editor.default\">\n\t\t\t\t<div class=\"elementor-widget-container\">\n\t\t\t\t\t\t\t<p>T\u00e9l : 06 22 39 95 18<\/p><p>Email : contact@maverda.fr<\/p>\t\t\t\t\t\t<\/div>\n\t\t\t\t<\/div>\n\t\t\t\t\t<\/div>\n\t\t<\/div>\n\t\t\t\t\t\t\t<\/div>\n\t\t<\/section>\n\t\t\t\t\t\t\t<\/div>\n\t\t","protected":false},"excerpt":{"rendered":"<p>Adresse si\u00e8ge administratif : Immeuble Antar\u00e8s BP 70183 &#8211; T\u00e9l\u00e9port 4 86962 FUTUROSCOPE Cedex T\u00e9l : 06 22 39 95 18 Email : contact@maverda.fr<\/p>\n","protected":false},"author":1,"featured_media":0,"parent":0,"menu_order":0,"comment_status":"closed","ping_status":"closed","template":"","meta":{"site-sidebar-layout":"no-sidebar","site-content-layout":"page-builder","ast-global-header-display":"","ast-main-header-display":"","ast-hfb-above-header-display":"","ast-hfb-below-header-display":"","ast-hfb-mobile-header-display":"","site-post-title":"disabled","ast-breadcrumbs-content":"","ast-featured-img":"disabled","footer-sml-layout":"","theme-transparent-header-meta":"","adv-header-id-meta":"","stick-header-meta":"","header-above-stick-meta":"","header-main-stick-meta":"","header-below-stick-meta":"","footnotes":""},"class_list":["post-154","page","type-page","status-publish","hentry"],"yoast_head":"<!-- This site is optimized with the Yoast SEO plugin v21.5 - https:\/\/yoast.com\/wordpress\/plugins\/seo\/ -->\n<title>Contact - Les Productions de la Main Verte<\/title>\n<meta name=\"robots\" content=\"index, follow, max-snippet:-1, max-image-preview:large, max-video-preview:-1\" \/>\n<link rel=\"canonical\" href=\"https:\/\/maverda.fr\/index.php\/contact\/\" \/>\n<meta property=\"og:locale\" content=\"fr_FR\" \/>\n<meta property=\"og:type\" content=\"article\" \/>\n<meta property=\"og:title\" content=\"Contact - Les Productions de la Main Verte\" \/>\n<meta property=\"og:description\" content=\"Adresse si\u00e8ge administratif : Immeuble Antar\u00e8s BP 70183 &#8211; T\u00e9l\u00e9port 4 86962 FUTUROSCOPE Cedex T\u00e9l : 06 22 39 95 18 Email : contact@maverda.fr\" \/>\n<meta property=\"og:url\" content=\"https:\/\/maverda.fr\/index.php\/contact\/\" \/>\n<meta property=\"og:site_name\" content=\"Les Productions de la Main Verte\" \/>\n<meta property=\"article:modified_time\" content=\"2023-10-30T17:55:31+00:00\" \/>\n<meta name=\"twitter:card\" content=\"summary_large_image\" \/>\n<script type=\"application\/ld+json\" class=\"yoast-schema-graph\">{\"@context\":\"https:\/\/schema.org\",\"@graph\":[{\"@type\":\"WebPage\",\"@id\":\"https:\/\/maverda.fr\/index.php\/contact\/\",\"url\":\"https:\/\/maverda.fr\/index.php\/contact\/\",\"name\":\"Contact - Les Productions de la Main Verte\",\"isPartOf\":{\"@id\":\"https:\/\/maverda.fr\/#website\"},\"datePublished\":\"2023-01-17T00:17:34+00:00\",\"dateModified\":\"2023-10-30T17:55:31+00:00\",\"breadcrumb\":{\"@id\":\"https:\/\/maverda.fr\/index.php\/contact\/#breadcrumb\"},\"inLanguage\":\"fr-FR\",\"potentialAction\":[{\"@type\":\"ReadAction\",\"target\":[\"https:\/\/maverda.fr\/index.php\/contact\/\"]}]},{\"@type\":\"BreadcrumbList\",\"@id\":\"https:\/\/maverda.fr\/index.php\/contact\/#breadcrumb\",\"itemListElement\":[{\"@type\":\"ListItem\",\"position\":1,\"name\":\"Accueil\",\"item\":\"https:\/\/maverda.fr\/\"},{\"@type\":\"ListItem\",\"position\":2,\"name\":\"Contact\"}]},{\"@type\":\"WebSite\",\"@id\":\"https:\/\/maverda.fr\/#website\",\"url\":\"https:\/\/maverda.fr\/\",\"name\":\"Les Productions de la Main Verte\",\"description\":\"Un site utilisant WordPress\",\"publisher\":{\"@id\":\"https:\/\/maverda.fr\/#organization\"},\"potentialAction\":[{\"@type\":\"SearchAction\",\"target\":{\"@type\":\"EntryPoint\",\"urlTemplate\":\"https:\/\/maverda.fr\/?s={search_term_string}\"},\"query-input\":\"required name=search_term_string\"}],\"inLanguage\":\"fr-FR\"},{\"@type\":\"Organization\",\"@id\":\"https:\/\/maverda.fr\/#organization\",\"name\":\"Les Productions de la Main Verte\",\"url\":\"https:\/\/maverda.fr\/\",\"logo\":{\"@type\":\"ImageObject\",\"inLanguage\":\"fr-FR\",\"@id\":\"https:\/\/maverda.fr\/#\/schema\/logo\/image\/\",\"url\":\"https:\/\/maverda.fr\/wp-content\/uploads\/2024\/05\/cropped-Logo-Main-Verte-Fond-Beige.png\",\"contentUrl\":\"https:\/\/maverda.fr\/wp-content\/uploads\/2024\/05\/cropped-Logo-Main-Verte-Fond-Beige.png\",\"width\":1480,\"height\":397,\"caption\":\"Les Productions de la Main Verte\"},\"image\":{\"@id\":\"https:\/\/maverda.fr\/#\/schema\/logo\/image\/\"}}]}<\/script>\n<!-- \/ Yoast SEO plugin. -->","yoast_head_json":{"title":"Contact - Les Productions de la Main Verte","robots":{"index":"index","follow":"follow","max-snippet":"max-snippet:-1","max-image-preview":"max-image-preview:large","max-video-preview":"max-video-preview:-1"},"canonical":"https:\/\/maverda.fr\/index.php\/contact\/","og_locale":"fr_FR","og_type":"article","og_title":"Contact - Les Productions de la Main Verte","og_description":"Adresse si\u00e8ge administratif : Immeuble Antar\u00e8s BP 70183 &#8211; T\u00e9l\u00e9port 4 86962 FUTUROSCOPE Cedex T\u00e9l : 06 22 39 95 18 Email : contact@maverda.fr","og_url":"https:\/\/maverda.fr\/index.php\/contact\/","og_site_name":"Les Productions de la Main Verte","article_modified_time":"2023-10-30T17:55:31+00:00","twitter_card":"summary_large_image","schema":{"@context":"https:\/\/schema.org","@graph":[{"@type":"WebPage","@id":"https:\/\/maverda.fr\/index.php\/contact\/","url":"https:\/\/maverda.fr\/index.php\/contact\/","name":"Contact - Les Productions de la Main Verte","isPartOf":{"@id":"https:\/\/maverda.fr\/#website"},"datePublished":"2023-01-17T00:17:34+00:00","dateModified":"2023-10-30T17:55:31+00:00","breadcrumb":{"@id":"https:\/\/maverda.fr\/index.php\/contact\/#breadcrumb"},"inLanguage":"fr-FR","potentialAction":[{"@type":"ReadAction","target":["https:\/\/maverda.fr\/index.php\/contact\/"]}]},{"@type":"BreadcrumbList","@id":"https:\/\/maverda.fr\/index.php\/contact\/#breadcrumb","itemListElement":[{"@type":"ListItem","position":1,"name":"Accueil","item":"https:\/\/maverda.fr\/"},{"@type":"ListItem","position":2,"name":"Contact"}]},{"@type":"WebSite","@id":"https:\/\/maverda.fr\/#website","url":"https:\/\/maverda.fr\/","name":"Les Productions de la Main Verte","description":"Un site utilisant WordPress","publisher":{"@id":"https:\/\/maverda.fr\/#organization"},"potentialAction":[{"@type":"SearchAction","target":{"@type":"EntryPoint","urlTemplate":"https:\/\/maverda.fr\/?s={search_term_string}"},"query-input":"required name=search_term_string"}],"inLanguage":"fr-FR"},{"@type":"Organization","@id":"https:\/\/maverda.fr\/#organization","name":"Les Productions de la Main Verte","url":"https:\/\/maverda.fr\/","logo":{"@type":"ImageObject","inLanguage":"fr-FR","@id":"https:\/\/maverda.fr\/#\/schema\/logo\/image\/","url":"https:\/\/maverda.fr\/wp-content\/uploads\/2024\/05\/cropped-Logo-Main-Verte-Fond-Beige.png","contentUrl":"https:\/\/maverda.fr\/wp-content\/uploads\/2024\/05\/cropped-Logo-Main-Verte-Fond-Beige.png","width":1480,"height":397,"caption":"Les Productions de la Main Verte"},"image":{"@id":"https:\/\/maverda.fr\/#\/schema\/logo\/image\/"}}]}},"_links":{"self":[{"href":"https:\/\/maverda.fr\/index.php\/wp-json\/wp\/v2\/pages\/154","targetHints":{"allow":["GET"]}}],"collection":[{"href":"https:\/\/maverda.fr\/index.php\/wp-json\/wp\/v2\/pages"}],"about":[{"href":"https:\/\/maverda.fr\/index.php\/wp-json\/wp\/v2\/types\/page"}],"author":[{"embeddable":true,"href":"https:\/\/maverda.fr\/index.php\/wp-json\/wp\/v2\/users\/1"}],"replies":[{"embeddable":true,"href":"https:\/\/maverda.fr\/index.php\/wp-json\/wp\/v2\/comments?post=154"}],"version-history":[{"count":25,"href":"https:\/\/maverda.fr\/index.php\/wp-json\/wp\/v2\/pages\/154\/revisions"}],"predecessor-version":[{"id":1340,"href":"https:\/\/maverda.fr\/index.php\/wp-json\/wp\/v2\/pages\/154\/revisions\/1340"}],"wp:attachment":[{"href":"https:\/\/maverda.fr\/index.php\/wp-json\/wp\/v2\/media?parent=154"}],"curies":[{"name":"wp","href":"https:\/\/api.w.org\/{rel}","templated":true}]}}