{"id":150,"date":"2023-01-17T01:16:15","date_gmt":"2023-01-17T00:16:15","guid":{"rendered":"https:\/\/maverda.fr\/?page_id=150"},"modified":"2024-05-12T20:24:53","modified_gmt":"2024-05-12T18:24:53","slug":"projets-en-cours","status":"publish","type":"page","link":"https:\/\/maverda.fr\/index.php\/projets-en-cours\/","title":{"rendered":"Projets"},"content":{"rendered":"\t\t<div data-elementor-type=\"wp-page\" data-elementor-id=\"150\" class=\"elementor elementor-150\">\n\t\t\t\t\t\t\t\t\t<section class=\"elementor-section elementor-top-section elementor-element elementor-element-72304f4 elementor-section-boxed elementor-section-height-default elementor-section-height-default\" data-id=\"72304f4\" data-element_type=\"section\">\n\t\t\t\t\t\t<div class=\"elementor-container elementor-column-gap-default\">\n\t\t\t\t\t<div class=\"elementor-column elementor-col-100 elementor-top-column elementor-element elementor-element-c958ca0\" data-id=\"c958ca0\" data-element_type=\"column\">\n\t\t\t<div class=\"elementor-widget-wrap elementor-element-populated\">\n\t\t\t\t\t\t\t\t<div class=\"elementor-element elementor-element-34fc1d2 elementor-widget elementor-widget-heading\" data-id=\"34fc1d2\" data-element_type=\"widget\" data-widget_type=\"heading.default\">\n\t\t\t\t<div class=\"elementor-widget-container\">\n\t\t\t<style>\/*! elementor - v3.10.0 - 09-01-2023 *\/\n.elementor-heading-title{padding:0;margin:0;line-height:1}.elementor-widget-heading .elementor-heading-title[class*=elementor-size-]>a{color:inherit;font-size:inherit;line-height:inherit}.elementor-widget-heading .elementor-heading-title.elementor-size-small{font-size:15px}.elementor-widget-heading .elementor-heading-title.elementor-size-medium{font-size:19px}.elementor-widget-heading .elementor-heading-title.elementor-size-large{font-size:29px}.elementor-widget-heading .elementor-heading-title.elementor-size-xl{font-size:39px}.elementor-widget-heading .elementor-heading-title.elementor-size-xxl{font-size:59px}<\/style><h1 class=\"elementor-heading-title elementor-size-default\">Projets<\/h1>\t\t<\/div>\n\t\t\t\t<\/div>\n\t\t\t\t\t<\/div>\n\t\t<\/div>\n\t\t\t\t\t\t\t<\/div>\n\t\t<\/section>\n\t\t\t\t<section class=\"elementor-section elementor-top-section elementor-element elementor-element-5726fd7 elementor-section-content-middle elementor-section-boxed elementor-section-height-default elementor-section-height-default\" data-id=\"5726fd7\" data-element_type=\"section\">\n\t\t\t\t\t\t<div class=\"elementor-container elementor-column-gap-default\">\n\t\t\t\t\t<div class=\"elementor-column elementor-col-50 elementor-top-column elementor-element elementor-element-404c502\" data-id=\"404c502\" data-element_type=\"column\">\n\t\t\t<div class=\"elementor-widget-wrap elementor-element-populated\">\n\t\t\t\t\t\t\t\t<div class=\"elementor-element elementor-element-8413081 elementor-widget elementor-widget-image\" data-id=\"8413081\" data-element_type=\"widget\" data-widget_type=\"image.default\">\n\t\t\t\t<div class=\"elementor-widget-container\">\n\t\t\t<style>\/*! elementor - v3.10.0 - 09-01-2023 *\/\n.elementor-widget-image{text-align:center}.elementor-widget-image a{display:inline-block}.elementor-widget-image a img[src$=\".svg\"]{width:48px}.elementor-widget-image img{vertical-align:middle;display:inline-block}<\/style>\t\t\t\t\t\t\t\t\t\t\t\t<img loading=\"lazy\" decoding=\"async\" width=\"965\" height=\"1024\" src=\"https:\/\/maverda.fr\/wp-content\/uploads\/2024\/05\/Visuel-DVPT-La-lutte-finale-965x1024.jpg\" class=\"attachment-large size-large wp-image-2722\" alt=\"\" srcset=\"https:\/\/maverda.fr\/wp-content\/uploads\/2024\/05\/Visuel-DVPT-La-lutte-finale-965x1024.jpg 965w, https:\/\/maverda.fr\/wp-content\/uploads\/2024\/05\/Visuel-DVPT-La-lutte-finale-283x300.jpg 283w, https:\/\/maverda.fr\/wp-content\/uploads\/2024\/05\/Visuel-DVPT-La-lutte-finale-768x815.jpg 768w, https:\/\/maverda.fr\/wp-content\/uploads\/2024\/05\/Visuel-DVPT-La-lutte-finale.jpg 1240w\" sizes=\"auto, (max-width: 965px) 100vw, 965px\" \/>\t\t\t\t\t\t\t\t\t\t\t\t\t\t\t<\/div>\n\t\t\t\t<\/div>\n\t\t\t\t\t<\/div>\n\t\t<\/div>\n\t\t\t\t<div class=\"elementor-column elementor-col-50 elementor-top-column elementor-element elementor-element-812adcb\" data-id=\"812adcb\" data-element_type=\"column\">\n\t\t\t<div class=\"elementor-widget-wrap elementor-element-populated\">\n\t\t\t\t\t\t\t\t<div class=\"elementor-element elementor-element-70bfc62 elementor-widget elementor-widget-text-editor\" data-id=\"70bfc62\" data-element_type=\"widget\" data-widget_type=\"text-editor.default\">\n\t\t\t\t<div class=\"elementor-widget-container\">\n\t\t\t<style>\/*! elementor - v3.10.0 - 09-01-2023 *\/\n.elementor-widget-text-editor.elementor-drop-cap-view-stacked .elementor-drop-cap{background-color:#818a91;color:#fff}.elementor-widget-text-editor.elementor-drop-cap-view-framed .elementor-drop-cap{color:#818a91;border:3px solid;background-color:transparent}.elementor-widget-text-editor:not(.elementor-drop-cap-view-default) .elementor-drop-cap{margin-top:8px}.elementor-widget-text-editor:not(.elementor-drop-cap-view-default) .elementor-drop-cap-letter{width:1em;height:1em}.elementor-widget-text-editor .elementor-drop-cap{float:left;text-align:center;line-height:1;font-size:50px}.elementor-widget-text-editor .elementor-drop-cap-letter{display:inline-block}<\/style>\t\t\t\t<h2>LA LUTTE FINALE<\/h2>\n<p>Documentaire en pr\u00e9production<\/p>\t\t\t\t\t\t<\/div>\n\t\t\t\t<\/div>\n\t\t\t\t<div class=\"elementor-element elementor-element-e77631c elementor-widget elementor-widget-text-editor\" data-id=\"e77631c\" data-element_type=\"widget\" data-widget_type=\"text-editor.default\">\n\t\t\t\t<div class=\"elementor-widget-container\">\n\t\t\t\t\t\t\t<div><br \/>La lutte s\u00e9n\u00e9galaise est pass\u00e9e en quelques ann\u00e9es d&rsquo;un divertissement agraire servant d&rsquo;exutoire \u00e0 un sport plus urbain et professionnalis\u00e9 devenu un exemple de r\u00e9ussite pour la jeunesse. L&rsquo;argent \u00e0 tout prix remplace le rituel social.<br \/>Pour d\u00e9velopper un peu plus son influence et faciliter son acc\u00e8s aux droits de p\u00eache sur le littoral s\u00e9n\u00e9galais, la Chine vient de construire les plus grandes ar\u00e8nes de lutte jamais \u00e9difi\u00e9es dans la banlieue la plus pauvre et la plus peupl\u00e9e du pays.<br \/>Ainsi plong\u00e9e dans l&rsquo;ar\u00e8ne lib\u00e9rale, la lutte est aujourd&rsquo;hui un symbole des bouleversements que connait le S\u00e9n\u00e9gal depuis les ann\u00e9es 2000.<\/div><p><br \/>.<\/p>\t\t\t\t\t\t<\/div>\n\t\t\t\t<\/div>\n\t\t\t\t\t<\/div>\n\t\t<\/div>\n\t\t\t\t\t\t\t<\/div>\n\t\t<\/section>\n\t\t\t\t<section class=\"elementor-section elementor-top-section elementor-element elementor-element-6170189 elementor-section-content-middle elementor-section-boxed elementor-section-height-default elementor-section-height-default\" data-id=\"6170189\" data-element_type=\"section\">\n\t\t\t\t\t\t<div class=\"elementor-container elementor-column-gap-default\">\n\t\t\t\t\t<div class=\"elementor-column elementor-col-50 elementor-top-column elementor-element elementor-element-3724d5c\" data-id=\"3724d5c\" data-element_type=\"column\">\n\t\t\t<div class=\"elementor-widget-wrap elementor-element-populated\">\n\t\t\t\t\t\t\t\t<div class=\"elementor-element elementor-element-207ec5d elementor-widget elementor-widget-image\" data-id=\"207ec5d\" data-element_type=\"widget\" data-widget_type=\"image.default\">\n\t\t\t\t<div class=\"elementor-widget-container\">\n\t\t\t\t\t\t\t\t\t\t\t\t\t\t\t<img loading=\"lazy\" decoding=\"async\" width=\"1024\" height=\"852\" src=\"https:\/\/maverda.fr\/wp-content\/uploads\/2024\/05\/Visuel-DVPT-Big-data-1024x852.jpg\" class=\"attachment-large size-large wp-image-2718\" alt=\"\" srcset=\"https:\/\/maverda.fr\/wp-content\/uploads\/2024\/05\/Visuel-DVPT-Big-data-1024x852.jpg 1024w, https:\/\/maverda.fr\/wp-content\/uploads\/2024\/05\/Visuel-DVPT-Big-data-300x250.jpg 300w, https:\/\/maverda.fr\/wp-content\/uploads\/2024\/05\/Visuel-DVPT-Big-data-768x639.jpg 768w, https:\/\/maverda.fr\/wp-content\/uploads\/2024\/05\/Visuel-DVPT-Big-data.jpg 1168w\" sizes=\"auto, (max-width: 1024px) 100vw, 1024px\" \/>\t\t\t\t\t\t\t\t\t\t\t\t\t\t\t<\/div>\n\t\t\t\t<\/div>\n\t\t\t\t\t<\/div>\n\t\t<\/div>\n\t\t\t\t<div class=\"elementor-column elementor-col-50 elementor-top-column elementor-element elementor-element-03afecc\" data-id=\"03afecc\" data-element_type=\"column\">\n\t\t\t<div class=\"elementor-widget-wrap elementor-element-populated\">\n\t\t\t\t\t\t\t\t<div class=\"elementor-element elementor-element-eea43e1 elementor-widget elementor-widget-text-editor\" data-id=\"eea43e1\" data-element_type=\"widget\" data-widget_type=\"text-editor.default\">\n\t\t\t\t<div class=\"elementor-widget-container\">\n\t\t\t\t\t\t\t<h2>LES BIG DATA DE LA CAMPAGNE<\/h2><p>Documentaire en d\u00e9veloppement<\/p>\t\t\t\t\t\t<\/div>\n\t\t\t\t<\/div>\n\t\t\t\t<div class=\"elementor-element elementor-element-4b348e7 elementor-widget elementor-widget-text-editor\" data-id=\"4b348e7\" data-element_type=\"widget\" data-widget_type=\"text-editor.default\">\n\t\t\t\t<div class=\"elementor-widget-container\">\n\t\t\t\t\t\t\t<div>\u00a0<\/div><p>.<br \/>Les sc\u00e8nes champ\u00eatres de demain, o\u00f9 robots, drones et tracteurs autonomes s\u2019affaireront dans les champs et les \u00e9levages, interrogent sur la nouvelle r\u00e9volution \u00e0 venir dans l\u2019agriculture. Big data, Intelligence Artificielle, robotisation vont d\u00e9barquer en force dans nos campagnes.<br \/>Apr\u00e8s tout, pourquoi l\u2019agriculture devrait \u00e9chapper au mouvement g\u00e9n\u00e9ral\u00a0de la digitalisation ?<br \/>La r\u00e9ponse est dans la question et dans ce film documentaire nous nous questionnerons sur le remplacement des paysans par les robots.<\/p>\t\t\t\t\t\t<\/div>\n\t\t\t\t<\/div>\n\t\t\t\t\t<\/div>\n\t\t<\/div>\n\t\t\t\t\t\t\t<\/div>\n\t\t<\/section>\n\t\t\t\t<section class=\"elementor-section elementor-top-section elementor-element elementor-element-b1f6cfc elementor-section-content-middle elementor-section-boxed elementor-section-height-default elementor-section-height-default\" data-id=\"b1f6cfc\" data-element_type=\"section\">\n\t\t\t\t\t\t<div class=\"elementor-container elementor-column-gap-default\">\n\t\t\t\t\t<div class=\"elementor-column elementor-col-50 elementor-top-column elementor-element elementor-element-830915a\" data-id=\"830915a\" data-element_type=\"column\">\n\t\t\t<div class=\"elementor-widget-wrap elementor-element-populated\">\n\t\t\t\t\t\t\t\t<div class=\"elementor-element elementor-element-b53214f elementor-widget elementor-widget-image\" data-id=\"b53214f\" data-element_type=\"widget\" data-widget_type=\"image.default\">\n\t\t\t\t<div class=\"elementor-widget-container\">\n\t\t\t\t\t\t\t\t\t\t\t\t\t\t\t<img loading=\"lazy\" decoding=\"async\" width=\"1024\" height=\"837\" src=\"https:\/\/maverda.fr\/wp-content\/uploads\/2024\/05\/Visuel-projet-Canaux-site-internet-1024x837.jpg\" class=\"attachment-large size-large wp-image-2737\" alt=\"\" srcset=\"https:\/\/maverda.fr\/wp-content\/uploads\/2024\/05\/Visuel-projet-Canaux-site-internet-1024x837.jpg 1024w, https:\/\/maverda.fr\/wp-content\/uploads\/2024\/05\/Visuel-projet-Canaux-site-internet-300x245.jpg 300w, https:\/\/maverda.fr\/wp-content\/uploads\/2024\/05\/Visuel-projet-Canaux-site-internet-768x628.jpg 768w, https:\/\/maverda.fr\/wp-content\/uploads\/2024\/05\/Visuel-projet-Canaux-site-internet-1536x1255.jpg 1536w, https:\/\/maverda.fr\/wp-content\/uploads\/2024\/05\/Visuel-projet-Canaux-site-internet-2048x1674.jpg 2048w\" sizes=\"auto, (max-width: 1024px) 100vw, 1024px\" \/>\t\t\t\t\t\t\t\t\t\t\t\t\t\t\t<\/div>\n\t\t\t\t<\/div>\n\t\t\t\t\t<\/div>\n\t\t<\/div>\n\t\t\t\t<div class=\"elementor-column elementor-col-50 elementor-top-column elementor-element elementor-element-5e3fb06\" data-id=\"5e3fb06\" data-element_type=\"column\">\n\t\t\t<div class=\"elementor-widget-wrap elementor-element-populated\">\n\t\t\t\t\t\t\t\t<div class=\"elementor-element elementor-element-2e07f49 elementor-widget elementor-widget-text-editor\" data-id=\"2e07f49\" data-element_type=\"widget\" data-widget_type=\"text-editor.default\">\n\t\t\t\t<div class=\"elementor-widget-container\">\n\t\t\t\t\t\t\t<h2>LES CANAUX<\/h2><p>Projet web s\u00e9rie en d\u00e9veloppement<\/p>\t\t\t\t\t\t<\/div>\n\t\t\t\t<\/div>\n\t\t\t\t<div class=\"elementor-element elementor-element-807cdc3 elementor-widget elementor-widget-text-editor\" data-id=\"807cdc3\" data-element_type=\"widget\" data-widget_type=\"text-editor.default\">\n\t\t\t\t<div class=\"elementor-widget-container\">\n\t\t\t\t\t\t\t<div>\u00a0<\/div><p>.<br \/>La ressource en eau dans les Pyr\u00e9n\u00e9es-Orientales est plus que jamais au c\u0153ur des inqui\u00e9tudes des professionnels et du grand public.<br \/>De par sa situation g\u00e9ographique, sa topographie et la richesse de son histoire, le d\u00e9partement est dot\u00e9 du plus long et dense r\u00e9seau de canaux gravitaires de France. Cette richesse inestimable est pourtant presque invisible malgr\u00e9 la multitude de services rendus et le potentiel qu&rsquo;elle porte pour les d\u00e9cennies \u00e0 venir. <br \/>En effet, \u00e0 l&rsquo;heure de (re)penser l&rsquo;avenir de nos territoires dans le cadre du r\u00e9chauffement climatique, il est urgent de se pencher sur des solutions durables pour garantir \u00e0 tous l&rsquo;acc\u00e8s \u00e0 l&rsquo;eau.<\/p>\t\t\t\t\t\t<\/div>\n\t\t\t\t<\/div>\n\t\t\t\t\t<\/div>\n\t\t<\/div>\n\t\t\t\t\t\t\t<\/div>\n\t\t<\/section>\n\t\t\t\t\t\t\t<\/div>\n\t\t","protected":false},"excerpt":{"rendered":"<p>Projets LA LUTTE FINALE Documentaire en pr\u00e9production La lutte s\u00e9n\u00e9galaise est pass\u00e9e en quelques ann\u00e9es d&rsquo;un divertissement agraire servant d&rsquo;exutoire \u00e0 un sport plus urbain et professionnalis\u00e9 devenu un exemple de r\u00e9ussite pour la jeunesse. L&rsquo;argent \u00e0 tout prix remplace le rituel social.Pour d\u00e9velopper un peu plus son influence et faciliter son acc\u00e8s aux droits &hellip;<\/p>\n<p class=\"read-more\"> <a class=\"\" href=\"https:\/\/maverda.fr\/index.php\/projets-en-cours\/\"> <span class=\"screen-reader-text\">Projets<\/span> Lire la suite\u00a0\u00bb<\/a><\/p>\n","protected":false},"author":1,"featured_media":0,"parent":0,"menu_order":0,"comment_status":"closed","ping_status":"closed","template":"","meta":{"site-sidebar-layout":"no-sidebar","site-content-layout":"page-builder","ast-global-header-display":"","ast-main-header-display":"","ast-hfb-above-header-display":"","ast-hfb-below-header-display":"","ast-hfb-mobile-header-display":"","site-post-title":"disabled","ast-breadcrumbs-content":"","ast-featured-img":"disabled","footer-sml-layout":"","theme-transparent-header-meta":"","adv-header-id-meta":"","stick-header-meta":"","header-above-stick-meta":"","header-main-stick-meta":"","header-below-stick-meta":"","footnotes":""},"class_list":["post-150","page","type-page","status-publish","hentry"],"yoast_head":"<!-- This site is optimized with the Yoast SEO plugin v21.5 - https:\/\/yoast.com\/wordpress\/plugins\/seo\/ -->\n<title>Projets - Les Productions de la Main Verte<\/title>\n<meta name=\"robots\" content=\"index, follow, max-snippet:-1, max-image-preview:large, max-video-preview:-1\" \/>\n<link rel=\"canonical\" href=\"https:\/\/maverda.fr\/index.php\/projets-en-cours\/\" \/>\n<meta property=\"og:locale\" content=\"fr_FR\" \/>\n<meta property=\"og:type\" content=\"article\" \/>\n<meta property=\"og:title\" content=\"Projets - Les Productions de la Main Verte\" \/>\n<meta property=\"og:description\" content=\"Projets LA LUTTE FINALE Documentaire en pr\u00e9production La lutte s\u00e9n\u00e9galaise est pass\u00e9e en quelques ann\u00e9es d&rsquo;un divertissement agraire servant d&rsquo;exutoire \u00e0 un sport plus urbain et professionnalis\u00e9 devenu un exemple de r\u00e9ussite pour la jeunesse. L&rsquo;argent \u00e0 tout prix remplace le rituel social.Pour d\u00e9velopper un peu plus son influence et faciliter son acc\u00e8s aux droits &hellip; Projets Lire la suite\u00a0\u00bb\" \/>\n<meta property=\"og:url\" content=\"https:\/\/maverda.fr\/index.php\/projets-en-cours\/\" \/>\n<meta property=\"og:site_name\" content=\"Les Productions de la Main Verte\" \/>\n<meta property=\"article:modified_time\" content=\"2024-05-12T18:24:53+00:00\" \/>\n<meta property=\"og:image\" content=\"https:\/\/maverda.fr\/wp-content\/uploads\/2024\/05\/Visuel-DVPT-La-lutte-finale-965x1024.jpg\" \/>\n<meta name=\"twitter:card\" content=\"summary_large_image\" \/>\n<meta name=\"twitter:label1\" content=\"Dur\u00e9e de lecture estim\u00e9e\" \/>\n\t<meta name=\"twitter:data1\" content=\"3 minutes\" \/>\n<script type=\"application\/ld+json\" class=\"yoast-schema-graph\">{\"@context\":\"https:\/\/schema.org\",\"@graph\":[{\"@type\":\"WebPage\",\"@id\":\"https:\/\/maverda.fr\/index.php\/projets-en-cours\/\",\"url\":\"https:\/\/maverda.fr\/index.php\/projets-en-cours\/\",\"name\":\"Projets - Les Productions de la Main Verte\",\"isPartOf\":{\"@id\":\"https:\/\/maverda.fr\/#website\"},\"datePublished\":\"2023-01-17T00:16:15+00:00\",\"dateModified\":\"2024-05-12T18:24:53+00:00\",\"breadcrumb\":{\"@id\":\"https:\/\/maverda.fr\/index.php\/projets-en-cours\/#breadcrumb\"},\"inLanguage\":\"fr-FR\",\"potentialAction\":[{\"@type\":\"ReadAction\",\"target\":[\"https:\/\/maverda.fr\/index.php\/projets-en-cours\/\"]}]},{\"@type\":\"BreadcrumbList\",\"@id\":\"https:\/\/maverda.fr\/index.php\/projets-en-cours\/#breadcrumb\",\"itemListElement\":[{\"@type\":\"ListItem\",\"position\":1,\"name\":\"Accueil\",\"item\":\"https:\/\/maverda.fr\/\"},{\"@type\":\"ListItem\",\"position\":2,\"name\":\"Projets\"}]},{\"@type\":\"WebSite\",\"@id\":\"https:\/\/maverda.fr\/#website\",\"url\":\"https:\/\/maverda.fr\/\",\"name\":\"Les Productions de la Main Verte\",\"description\":\"Un site utilisant WordPress\",\"publisher\":{\"@id\":\"https:\/\/maverda.fr\/#organization\"},\"potentialAction\":[{\"@type\":\"SearchAction\",\"target\":{\"@type\":\"EntryPoint\",\"urlTemplate\":\"https:\/\/maverda.fr\/?s={search_term_string}\"},\"query-input\":\"required name=search_term_string\"}],\"inLanguage\":\"fr-FR\"},{\"@type\":\"Organization\",\"@id\":\"https:\/\/maverda.fr\/#organization\",\"name\":\"Les Productions de la Main Verte\",\"url\":\"https:\/\/maverda.fr\/\",\"logo\":{\"@type\":\"ImageObject\",\"inLanguage\":\"fr-FR\",\"@id\":\"https:\/\/maverda.fr\/#\/schema\/logo\/image\/\",\"url\":\"https:\/\/maverda.fr\/wp-content\/uploads\/2024\/05\/cropped-Logo-Main-Verte-Fond-Beige.png\",\"contentUrl\":\"https:\/\/maverda.fr\/wp-content\/uploads\/2024\/05\/cropped-Logo-Main-Verte-Fond-Beige.png\",\"width\":1480,\"height\":397,\"caption\":\"Les Productions de la Main Verte\"},\"image\":{\"@id\":\"https:\/\/maverda.fr\/#\/schema\/logo\/image\/\"}}]}<\/script>\n<!-- \/ Yoast SEO plugin. -->","yoast_head_json":{"title":"Projets - Les Productions de la Main Verte","robots":{"index":"index","follow":"follow","max-snippet":"max-snippet:-1","max-image-preview":"max-image-preview:large","max-video-preview":"max-video-preview:-1"},"canonical":"https:\/\/maverda.fr\/index.php\/projets-en-cours\/","og_locale":"fr_FR","og_type":"article","og_title":"Projets - Les Productions de la Main Verte","og_description":"Projets LA LUTTE FINALE Documentaire en pr\u00e9production La lutte s\u00e9n\u00e9galaise est pass\u00e9e en quelques ann\u00e9es d&rsquo;un divertissement agraire servant d&rsquo;exutoire \u00e0 un sport plus urbain et professionnalis\u00e9 devenu un exemple de r\u00e9ussite pour la jeunesse. L&rsquo;argent \u00e0 tout prix remplace le rituel social.Pour d\u00e9velopper un peu plus son influence et faciliter son acc\u00e8s aux droits &hellip; Projets Lire la suite\u00a0\u00bb","og_url":"https:\/\/maverda.fr\/index.php\/projets-en-cours\/","og_site_name":"Les Productions de la Main Verte","article_modified_time":"2024-05-12T18:24:53+00:00","og_image":[{"url":"https:\/\/maverda.fr\/wp-content\/uploads\/2024\/05\/Visuel-DVPT-La-lutte-finale-965x1024.jpg"}],"twitter_card":"summary_large_image","twitter_misc":{"Dur\u00e9e de lecture estim\u00e9e":"3 minutes"},"schema":{"@context":"https:\/\/schema.org","@graph":[{"@type":"WebPage","@id":"https:\/\/maverda.fr\/index.php\/projets-en-cours\/","url":"https:\/\/maverda.fr\/index.php\/projets-en-cours\/","name":"Projets - Les Productions de la Main Verte","isPartOf":{"@id":"https:\/\/maverda.fr\/#website"},"datePublished":"2023-01-17T00:16:15+00:00","dateModified":"2024-05-12T18:24:53+00:00","breadcrumb":{"@id":"https:\/\/maverda.fr\/index.php\/projets-en-cours\/#breadcrumb"},"inLanguage":"fr-FR","potentialAction":[{"@type":"ReadAction","target":["https:\/\/maverda.fr\/index.php\/projets-en-cours\/"]}]},{"@type":"BreadcrumbList","@id":"https:\/\/maverda.fr\/index.php\/projets-en-cours\/#breadcrumb","itemListElement":[{"@type":"ListItem","position":1,"name":"Accueil","item":"https:\/\/maverda.fr\/"},{"@type":"ListItem","position":2,"name":"Projets"}]},{"@type":"WebSite","@id":"https:\/\/maverda.fr\/#website","url":"https:\/\/maverda.fr\/","name":"Les Productions de la Main Verte","description":"Un site utilisant WordPress","publisher":{"@id":"https:\/\/maverda.fr\/#organization"},"potentialAction":[{"@type":"SearchAction","target":{"@type":"EntryPoint","urlTemplate":"https:\/\/maverda.fr\/?s={search_term_string}"},"query-input":"required name=search_term_string"}],"inLanguage":"fr-FR"},{"@type":"Organization","@id":"https:\/\/maverda.fr\/#organization","name":"Les Productions de la Main Verte","url":"https:\/\/maverda.fr\/","logo":{"@type":"ImageObject","inLanguage":"fr-FR","@id":"https:\/\/maverda.fr\/#\/schema\/logo\/image\/","url":"https:\/\/maverda.fr\/wp-content\/uploads\/2024\/05\/cropped-Logo-Main-Verte-Fond-Beige.png","contentUrl":"https:\/\/maverda.fr\/wp-content\/uploads\/2024\/05\/cropped-Logo-Main-Verte-Fond-Beige.png","width":1480,"height":397,"caption":"Les Productions de la Main Verte"},"image":{"@id":"https:\/\/maverda.fr\/#\/schema\/logo\/image\/"}}]}},"_links":{"self":[{"href":"https:\/\/maverda.fr\/index.php\/wp-json\/wp\/v2\/pages\/150","targetHints":{"allow":["GET"]}}],"collection":[{"href":"https:\/\/maverda.fr\/index.php\/wp-json\/wp\/v2\/pages"}],"about":[{"href":"https:\/\/maverda.fr\/index.php\/wp-json\/wp\/v2\/types\/page"}],"author":[{"embeddable":true,"href":"https:\/\/maverda.fr\/index.php\/wp-json\/wp\/v2\/users\/1"}],"replies":[{"embeddable":true,"href":"https:\/\/maverda.fr\/index.php\/wp-json\/wp\/v2\/comments?post=150"}],"version-history":[{"count":53,"href":"https:\/\/maverda.fr\/index.php\/wp-json\/wp\/v2\/pages\/150\/revisions"}],"predecessor-version":[{"id":2746,"href":"https:\/\/maverda.fr\/index.php\/wp-json\/wp\/v2\/pages\/150\/revisions\/2746"}],"wp:attachment":[{"href":"https:\/\/maverda.fr\/index.php\/wp-json\/wp\/v2\/media?parent=150"}],"curies":[{"name":"wp","href":"https:\/\/api.w.org\/{rel}","templated":true}]}}