{"id":146,"date":"2023-01-17T01:14:57","date_gmt":"2023-01-17T00:14:57","guid":{"rendered":"https:\/\/maverda.fr\/?page_id=146"},"modified":"2023-11-21T19:18:11","modified_gmt":"2023-11-21T18:18:11","slug":"production-documentaire","status":"publish","type":"page","link":"https:\/\/maverda.fr\/index.php\/production-documentaire\/","title":{"rendered":"Catalogue documentaires"},"content":{"rendered":"\t\t<div data-elementor-type=\"wp-page\" data-elementor-id=\"146\" class=\"elementor elementor-146\">\n\t\t\t\t\t\t\t\t\t<section class=\"elementor-section elementor-top-section elementor-element elementor-element-311470c elementor-section-boxed elementor-section-height-default elementor-section-height-default\" data-id=\"311470c\" data-element_type=\"section\">\n\t\t\t\t\t\t<div class=\"elementor-container elementor-column-gap-default\">\n\t\t\t\t\t<div class=\"elementor-column elementor-col-100 elementor-top-column elementor-element elementor-element-1fe7ba9\" data-id=\"1fe7ba9\" data-element_type=\"column\">\n\t\t\t<div class=\"elementor-widget-wrap elementor-element-populated\">\n\t\t\t\t\t\t\t\t<div class=\"elementor-element elementor-element-4755789 elementor-widget elementor-widget-heading\" data-id=\"4755789\" data-element_type=\"widget\" data-widget_type=\"heading.default\">\n\t\t\t\t<div class=\"elementor-widget-container\">\n\t\t\t<style>\/*! elementor - v3.10.0 - 09-01-2023 *\/\n.elementor-heading-title{padding:0;margin:0;line-height:1}.elementor-widget-heading .elementor-heading-title[class*=elementor-size-]>a{color:inherit;font-size:inherit;line-height:inherit}.elementor-widget-heading .elementor-heading-title.elementor-size-small{font-size:15px}.elementor-widget-heading .elementor-heading-title.elementor-size-medium{font-size:19px}.elementor-widget-heading .elementor-heading-title.elementor-size-large{font-size:29px}.elementor-widget-heading .elementor-heading-title.elementor-size-xl{font-size:39px}.elementor-widget-heading .elementor-heading-title.elementor-size-xxl{font-size:59px}<\/style><h2 class=\"elementor-heading-title elementor-size-default\">Catalogue documentaires<\/h2>\t\t<\/div>\n\t\t\t\t<\/div>\n\t\t\t\t\t<\/div>\n\t\t<\/div>\n\t\t\t\t\t\t\t<\/div>\n\t\t<\/section>\n\t\t\t\t<section class=\"elementor-section elementor-top-section elementor-element elementor-element-18b8fad elementor-section-full_width elementor-section-height-default elementor-section-height-default\" data-id=\"18b8fad\" data-element_type=\"section\">\n\t\t\t\t\t\t<div class=\"elementor-container elementor-column-gap-default\">\n\t\t\t\t\t<div class=\"elementor-column elementor-col-100 elementor-top-column elementor-element elementor-element-7ec4a55\" data-id=\"7ec4a55\" data-element_type=\"column\">\n\t\t\t<div class=\"elementor-widget-wrap elementor-element-populated\">\n\t\t\t\t\t\t\t\t<div class=\"elementor-element elementor-element-c8708a0 elementor-widget elementor-widget-html\" data-id=\"c8708a0\" data-element_type=\"widget\" data-widget_type=\"html.default\">\n\t\t\t\t<div class=\"elementor-widget-container\">\n\t\t\t <div class=\"flex\">\n <div class=\"one\" id=\"un\">\n        <div class=\"taille\">\n            <a href=\"https:\/\/maverda.fr\/index.php\/production-documentaire\/parfois-il-pleut\/\" class=\"lien\">\n                <div class=\"celule\">\n                    <img decoding=\"async\" src=\"https:\/\/maverda.fr\/wp-content\/uploads\/2023\/11\/Visuel-Parfois-il-pleut.png\" alt=\"Visuel Parfois il pleut\">\n                    <h2>Parfois il pleut<\/h2>\n                <\/div>\n            <\/a>\n        <\/div>\n        <div class=\"taille\">\n              <a href=\"https:\/\/maverda.fr\/index.php\/production-documentaire\/kilian-jornet-le-compteur-de-lacs\/\" class=\"lien\">\n                <div class=\"celule\">\n                    <img decoding=\"async\" src=\"https:\/\/maverda.fr\/wp-content\/uploads\/2023\/11\/Visuel-Kilian-Jornet-le-compteur-de-lacs.png\" alt=\"Visuel Kilian Jornet le compteur de lacs\">\n                    <h2> Kilian Jornet, <br> le compteur de lacs<\/h2>\n                <\/div>\n            <\/a>\n        <\/div>\n\n    <\/div>\n    <\/div>\n    <div class=\"flex\">\n    <div class=\"two\" id=\"deux\">\n        \n                <div class=\"taille\">\n            \n              <a href=\"https:\/\/maverda.fr\/index.php\/production-documentaire\/cerbere-ville-frontiere\/\" class=\"lien\">\n                <div class=\"celule\">\n                    <img decoding=\"async\" src=\"https:\/\/maverda.fr\/wp-content\/uploads\/2023\/11\/Visuel-Cerbere-ville-frontiere.png\" alt=\"Visuel Cerbere ville frontiere\">\n                    <h2>Cerb\u00e8re, ville fronti\u00e8re<\/h2>\n                <\/div>\n            <\/a>\n            \n            \n        \n        <\/div>\n        <div class=\"taille\">\n            <a href=\"https:\/\/maverda.fr\/index.php\/production-documentaire\/les-petits-gars-de-la-campagne\/\" class=\"lien\">\n                <div class=\"celule\">\n                    <img decoding=\"async\" src=\"https:\/\/maverda.fr\/wp-content\/uploads\/2023\/11\/Visuel-Les-petits-gars-de-la-campagne.png\" alt=\"Visuel Les petits gars de la campagne\">\n                    <h2>Les petits gars de la campagne<\/h2>\n                <\/div>\n            <\/a>\n        <\/div>\n        <div class=\"taille\">\n            <a href=\"https:\/\/maverda.fr\/index.php\/production-documentaire\/ca-sent-le-roussi\/\" class=\"lien\">\n                <div class=\"celule\">\n                    <img decoding=\"async\" src=\"https:\/\/maverda.fr\/wp-content\/uploads\/2023\/11\/Visuel-Ca-sent-le-roussi.png\" alt=\"Visuel Ca sent le roussi\">\n                    <h2>\u00c7a sent le roussi<\/h2>\n                <\/div>\n            <\/a>\n        <\/div>\n    <\/div>\n    <\/div>\t\t<\/div>\n\t\t\t\t<\/div>\n\t\t\t\t\t<\/div>\n\t\t<\/div>\n\t\t\t\t\t\t\t<\/div>\n\t\t<\/section>\n\t\t\t\t\t\t\t<\/div>\n\t\t","protected":false},"excerpt":{"rendered":"<p>Catalogue documentaires Parfois il pleut Kilian Jornet, le compteur de lacs Cerb\u00e8re, ville fronti\u00e8re Les petits gars de la campagne \u00c7a sent le roussi<\/p>\n","protected":false},"author":1,"featured_media":0,"parent":0,"menu_order":0,"comment_status":"closed","ping_status":"closed","template":"","meta":{"site-sidebar-layout":"no-sidebar","site-content-layout":"page-builder","ast-global-header-display":"","ast-main-header-display":"","ast-hfb-above-header-display":"","ast-hfb-below-header-display":"","ast-hfb-mobile-header-display":"","site-post-title":"disabled","ast-breadcrumbs-content":"","ast-featured-img":"disabled","footer-sml-layout":"","theme-transparent-header-meta":"","adv-header-id-meta":"","stick-header-meta":"","header-above-stick-meta":"","header-main-stick-meta":"","header-below-stick-meta":"","footnotes":""},"class_list":["post-146","page","type-page","status-publish","hentry"],"yoast_head":"<!-- This site is optimized with the Yoast SEO plugin v21.5 - https:\/\/yoast.com\/wordpress\/plugins\/seo\/ -->\n<title>Catalogue documentaires - Les Productions de la Main Verte<\/title>\n<meta name=\"robots\" content=\"index, follow, max-snippet:-1, max-image-preview:large, max-video-preview:-1\" \/>\n<link rel=\"canonical\" href=\"https:\/\/maverda.fr\/index.php\/production-documentaire\/\" \/>\n<meta property=\"og:locale\" content=\"fr_FR\" \/>\n<meta property=\"og:type\" content=\"article\" \/>\n<meta property=\"og:title\" content=\"Catalogue documentaires - Les Productions de la Main Verte\" \/>\n<meta property=\"og:description\" content=\"Catalogue documentaires Parfois il pleut Kilian Jornet, le compteur de lacs Cerb\u00e8re, ville fronti\u00e8re Les petits gars de la campagne \u00c7a sent le roussi\" \/>\n<meta property=\"og:url\" content=\"https:\/\/maverda.fr\/index.php\/production-documentaire\/\" \/>\n<meta property=\"og:site_name\" content=\"Les Productions de la Main Verte\" \/>\n<meta property=\"article:modified_time\" content=\"2023-11-21T18:18:11+00:00\" \/>\n<meta property=\"og:image\" content=\"https:\/\/maverda.fr\/wp-content\/uploads\/2023\/11\/Visuel-Parfois-il-pleut.png\" \/>\n<meta name=\"twitter:card\" content=\"summary_large_image\" \/>\n<script type=\"application\/ld+json\" class=\"yoast-schema-graph\">{\"@context\":\"https:\/\/schema.org\",\"@graph\":[{\"@type\":\"WebPage\",\"@id\":\"https:\/\/maverda.fr\/index.php\/production-documentaire\/\",\"url\":\"https:\/\/maverda.fr\/index.php\/production-documentaire\/\",\"name\":\"Catalogue documentaires - Les Productions de la Main Verte\",\"isPartOf\":{\"@id\":\"https:\/\/maverda.fr\/#website\"},\"datePublished\":\"2023-01-17T00:14:57+00:00\",\"dateModified\":\"2023-11-21T18:18:11+00:00\",\"breadcrumb\":{\"@id\":\"https:\/\/maverda.fr\/index.php\/production-documentaire\/#breadcrumb\"},\"inLanguage\":\"fr-FR\",\"potentialAction\":[{\"@type\":\"ReadAction\",\"target\":[\"https:\/\/maverda.fr\/index.php\/production-documentaire\/\"]}]},{\"@type\":\"BreadcrumbList\",\"@id\":\"https:\/\/maverda.fr\/index.php\/production-documentaire\/#breadcrumb\",\"itemListElement\":[{\"@type\":\"ListItem\",\"position\":1,\"name\":\"Accueil\",\"item\":\"https:\/\/maverda.fr\/\"},{\"@type\":\"ListItem\",\"position\":2,\"name\":\"Catalogue documentaires\"}]},{\"@type\":\"WebSite\",\"@id\":\"https:\/\/maverda.fr\/#website\",\"url\":\"https:\/\/maverda.fr\/\",\"name\":\"Les Productions de la Main Verte\",\"description\":\"Un site utilisant WordPress\",\"publisher\":{\"@id\":\"https:\/\/maverda.fr\/#organization\"},\"potentialAction\":[{\"@type\":\"SearchAction\",\"target\":{\"@type\":\"EntryPoint\",\"urlTemplate\":\"https:\/\/maverda.fr\/?s={search_term_string}\"},\"query-input\":\"required name=search_term_string\"}],\"inLanguage\":\"fr-FR\"},{\"@type\":\"Organization\",\"@id\":\"https:\/\/maverda.fr\/#organization\",\"name\":\"Les Productions de la Main Verte\",\"url\":\"https:\/\/maverda.fr\/\",\"logo\":{\"@type\":\"ImageObject\",\"inLanguage\":\"fr-FR\",\"@id\":\"https:\/\/maverda.fr\/#\/schema\/logo\/image\/\",\"url\":\"https:\/\/maverda.fr\/wp-content\/uploads\/2024\/05\/cropped-Logo-Main-Verte-Fond-Beige.png\",\"contentUrl\":\"https:\/\/maverda.fr\/wp-content\/uploads\/2024\/05\/cropped-Logo-Main-Verte-Fond-Beige.png\",\"width\":1480,\"height\":397,\"caption\":\"Les Productions de la Main Verte\"},\"image\":{\"@id\":\"https:\/\/maverda.fr\/#\/schema\/logo\/image\/\"}}]}<\/script>\n<!-- \/ Yoast SEO plugin. -->","yoast_head_json":{"title":"Catalogue documentaires - Les Productions de la Main Verte","robots":{"index":"index","follow":"follow","max-snippet":"max-snippet:-1","max-image-preview":"max-image-preview:large","max-video-preview":"max-video-preview:-1"},"canonical":"https:\/\/maverda.fr\/index.php\/production-documentaire\/","og_locale":"fr_FR","og_type":"article","og_title":"Catalogue documentaires - Les Productions de la Main Verte","og_description":"Catalogue documentaires Parfois il pleut Kilian Jornet, le compteur de lacs Cerb\u00e8re, ville fronti\u00e8re Les petits gars de la campagne \u00c7a sent le roussi","og_url":"https:\/\/maverda.fr\/index.php\/production-documentaire\/","og_site_name":"Les Productions de la Main Verte","article_modified_time":"2023-11-21T18:18:11+00:00","og_image":[{"url":"https:\/\/maverda.fr\/wp-content\/uploads\/2023\/11\/Visuel-Parfois-il-pleut.png"}],"twitter_card":"summary_large_image","schema":{"@context":"https:\/\/schema.org","@graph":[{"@type":"WebPage","@id":"https:\/\/maverda.fr\/index.php\/production-documentaire\/","url":"https:\/\/maverda.fr\/index.php\/production-documentaire\/","name":"Catalogue documentaires - Les Productions de la Main Verte","isPartOf":{"@id":"https:\/\/maverda.fr\/#website"},"datePublished":"2023-01-17T00:14:57+00:00","dateModified":"2023-11-21T18:18:11+00:00","breadcrumb":{"@id":"https:\/\/maverda.fr\/index.php\/production-documentaire\/#breadcrumb"},"inLanguage":"fr-FR","potentialAction":[{"@type":"ReadAction","target":["https:\/\/maverda.fr\/index.php\/production-documentaire\/"]}]},{"@type":"BreadcrumbList","@id":"https:\/\/maverda.fr\/index.php\/production-documentaire\/#breadcrumb","itemListElement":[{"@type":"ListItem","position":1,"name":"Accueil","item":"https:\/\/maverda.fr\/"},{"@type":"ListItem","position":2,"name":"Catalogue documentaires"}]},{"@type":"WebSite","@id":"https:\/\/maverda.fr\/#website","url":"https:\/\/maverda.fr\/","name":"Les Productions de la Main Verte","description":"Un site utilisant WordPress","publisher":{"@id":"https:\/\/maverda.fr\/#organization"},"potentialAction":[{"@type":"SearchAction","target":{"@type":"EntryPoint","urlTemplate":"https:\/\/maverda.fr\/?s={search_term_string}"},"query-input":"required name=search_term_string"}],"inLanguage":"fr-FR"},{"@type":"Organization","@id":"https:\/\/maverda.fr\/#organization","name":"Les Productions de la Main Verte","url":"https:\/\/maverda.fr\/","logo":{"@type":"ImageObject","inLanguage":"fr-FR","@id":"https:\/\/maverda.fr\/#\/schema\/logo\/image\/","url":"https:\/\/maverda.fr\/wp-content\/uploads\/2024\/05\/cropped-Logo-Main-Verte-Fond-Beige.png","contentUrl":"https:\/\/maverda.fr\/wp-content\/uploads\/2024\/05\/cropped-Logo-Main-Verte-Fond-Beige.png","width":1480,"height":397,"caption":"Les Productions de la Main Verte"},"image":{"@id":"https:\/\/maverda.fr\/#\/schema\/logo\/image\/"}}]}},"_links":{"self":[{"href":"https:\/\/maverda.fr\/index.php\/wp-json\/wp\/v2\/pages\/146","targetHints":{"allow":["GET"]}}],"collection":[{"href":"https:\/\/maverda.fr\/index.php\/wp-json\/wp\/v2\/pages"}],"about":[{"href":"https:\/\/maverda.fr\/index.php\/wp-json\/wp\/v2\/types\/page"}],"author":[{"embeddable":true,"href":"https:\/\/maverda.fr\/index.php\/wp-json\/wp\/v2\/users\/1"}],"replies":[{"embeddable":true,"href":"https:\/\/maverda.fr\/index.php\/wp-json\/wp\/v2\/comments?post=146"}],"version-history":[{"count":128,"href":"https:\/\/maverda.fr\/index.php\/wp-json\/wp\/v2\/pages\/146\/revisions"}],"predecessor-version":[{"id":2511,"href":"https:\/\/maverda.fr\/index.php\/wp-json\/wp\/v2\/pages\/146\/revisions\/2511"}],"wp:attachment":[{"href":"https:\/\/maverda.fr\/index.php\/wp-json\/wp\/v2\/media?parent=146"}],"curies":[{"name":"wp","href":"https:\/\/api.w.org\/{rel}","templated":true}]}}