{"id":1063,"date":"2023-10-26T00:21:53","date_gmt":"2023-10-25T22:21:53","guid":{"rendered":"https:\/\/maverda.fr\/?page_id=1063"},"modified":"2023-11-21T17:50:15","modified_gmt":"2023-11-21T16:50:15","slug":"ca-sent-le-roussi","status":"publish","type":"page","link":"https:\/\/maverda.fr\/index.php\/production-documentaire\/ca-sent-le-roussi\/","title":{"rendered":"\u00c7a sent le roussi"},"content":{"rendered":"\t\t<div data-elementor-type=\"wp-page\" data-elementor-id=\"1063\" class=\"elementor elementor-1063\">\n\t\t\t\t\t\t\t\t\t<section class=\"elementor-section elementor-top-section elementor-element elementor-element-a1124d9 elementor-section-boxed elementor-section-height-default elementor-section-height-default\" data-id=\"a1124d9\" data-element_type=\"section\">\n\t\t\t\t\t\t<div class=\"elementor-container elementor-column-gap-default\">\n\t\t\t\t\t<div class=\"elementor-column elementor-col-100 elementor-top-column elementor-element elementor-element-78e8333\" data-id=\"78e8333\" data-element_type=\"column\">\n\t\t\t<div class=\"elementor-widget-wrap elementor-element-populated\">\n\t\t\t\t\t\t\t\t<div class=\"elementor-element elementor-element-81db8fe elementor-widget elementor-widget-heading\" data-id=\"81db8fe\" data-element_type=\"widget\" data-widget_type=\"heading.default\">\n\t\t\t\t<div class=\"elementor-widget-container\">\n\t\t\t<style>\/*! elementor - v3.10.0 - 09-01-2023 *\/\n.elementor-heading-title{padding:0;margin:0;line-height:1}.elementor-widget-heading .elementor-heading-title[class*=elementor-size-]>a{color:inherit;font-size:inherit;line-height:inherit}.elementor-widget-heading .elementor-heading-title.elementor-size-small{font-size:15px}.elementor-widget-heading .elementor-heading-title.elementor-size-medium{font-size:19px}.elementor-widget-heading .elementor-heading-title.elementor-size-large{font-size:29px}.elementor-widget-heading .elementor-heading-title.elementor-size-xl{font-size:39px}.elementor-widget-heading .elementor-heading-title.elementor-size-xxl{font-size:59px}<\/style><h1 class=\"elementor-heading-title elementor-size-default\">\u00c7a sent le roussi<\/h1>\t\t<\/div>\n\t\t\t\t<\/div>\n\t\t\t\t\t<\/div>\n\t\t<\/div>\n\t\t\t\t\t\t\t<\/div>\n\t\t<\/section>\n\t\t\t\t<section class=\"elementor-section elementor-top-section elementor-element elementor-element-65bd22c elementor-section-boxed elementor-section-height-default elementor-section-height-default\" data-id=\"65bd22c\" data-element_type=\"section\">\n\t\t\t\t\t\t<div class=\"elementor-container elementor-column-gap-default\">\n\t\t\t\t\t<div class=\"elementor-column elementor-col-50 elementor-top-column elementor-element elementor-element-21e688f\" data-id=\"21e688f\" data-element_type=\"column\">\n\t\t\t<div class=\"elementor-widget-wrap elementor-element-populated\">\n\t\t\t\t\t\t\t\t<div class=\"elementor-element elementor-element-488a944 elementor-widget elementor-widget-image\" data-id=\"488a944\" data-element_type=\"widget\" data-widget_type=\"image.default\">\n\t\t\t\t<div class=\"elementor-widget-container\">\n\t\t\t<style>\/*! elementor - v3.10.0 - 09-01-2023 *\/\n.elementor-widget-image{text-align:center}.elementor-widget-image a{display:inline-block}.elementor-widget-image a img[src$=\".svg\"]{width:48px}.elementor-widget-image img{vertical-align:middle;display:inline-block}<\/style>\t\t\t\t\t\t\t\t\t\t\t\t<img decoding=\"async\" src=\"https:\/\/maverda.fr\/wp-content\/uploads\/elementor\/thumbs\/Affiche-visuel-page-interne-qemkcydm5mlucew2h9u57at7p30z48d6dt64ijk6qa.jpg\" title=\"Affiche visuel page interne\" alt=\"affiche du documentaire\" loading=\"lazy\" \/>\t\t\t\t\t\t\t\t\t\t\t\t\t\t\t<\/div>\n\t\t\t\t<\/div>\n\t\t\t\t\t<\/div>\n\t\t<\/div>\n\t\t\t\t<div class=\"elementor-column elementor-col-50 elementor-top-column elementor-element elementor-element-7034672\" data-id=\"7034672\" data-element_type=\"column\">\n\t\t\t<div class=\"elementor-widget-wrap elementor-element-populated\">\n\t\t\t\t\t\t\t\t<div class=\"elementor-element elementor-element-197141d elementor-widget elementor-widget-text-editor\" data-id=\"197141d\" data-element_type=\"widget\" data-widget_type=\"text-editor.default\">\n\t\t\t\t<div class=\"elementor-widget-container\">\n\t\t\t<style>\/*! elementor - v3.10.0 - 09-01-2023 *\/\n.elementor-widget-text-editor.elementor-drop-cap-view-stacked .elementor-drop-cap{background-color:#818a91;color:#fff}.elementor-widget-text-editor.elementor-drop-cap-view-framed .elementor-drop-cap{color:#818a91;border:3px solid;background-color:transparent}.elementor-widget-text-editor:not(.elementor-drop-cap-view-default) .elementor-drop-cap{margin-top:8px}.elementor-widget-text-editor:not(.elementor-drop-cap-view-default) .elementor-drop-cap-letter{width:1em;height:1em}.elementor-widget-text-editor .elementor-drop-cap{float:left;text-align:center;line-height:1;font-size:50px}.elementor-widget-text-editor .elementor-drop-cap-letter{display:inline-block}<\/style>\t\t\t\t<p>&#8211; Documentaire 54 minutes &#8211; 2006<\/p><p>&#8211; Production Art-Image<\/p><p>&#8211; Distribution : Les Productions de la Main Verte<\/p><p>&#8211; R\u00e9alisation : Arnaud Brugier<\/p><p>&#8211; Image : Christophe Bardy<\/p><p>&#8211; Montage : R\u00e9mi Moulin<\/p><p>&#8211; Son : Cyril Jammet<\/p><p>&#8211; Avec l\u2019\u0153il avis\u00e9 de St\u00e9phane Goxe :<\/p><p>&#8211; Film remasteris\u00e9 en HD en 2021 \u00e0 l\u2019occasion des 15 ans de sa sortie et visionnable gratuitement sur la plateforme VOD avec le code FREE-ROUSSI<\/p>\t\t\t\t\t\t<\/div>\n\t\t\t\t<\/div>\n\t\t\t\t<div class=\"elementor-element elementor-element-20f64bb elementor-widget elementor-widget-text-editor\" data-id=\"20f64bb\" data-element_type=\"widget\" data-widget_type=\"text-editor.default\">\n\t\t\t\t<div class=\"elementor-widget-container\">\n\t\t\t\t\t\t\t<p>Formats projection : DCP 1:85, Fichier H264 &#8211; 1080P25,DVD<\/p><p><a href=\"https:\/\/maverda.fr\/index.php\/dvd-vod\/#roussi\">Disponible en dvd et en location (gratuit) ou achat streaming HD VOD<\/a><\/p>\t\t\t\t\t\t<\/div>\n\t\t\t\t<\/div>\n\t\t\t\t\t<\/div>\n\t\t<\/div>\n\t\t\t\t\t\t\t<\/div>\n\t\t<\/section>\n\t\t\t\t<section class=\"elementor-section elementor-top-section elementor-element elementor-element-cc20696 elementor-section-boxed elementor-section-height-default elementor-section-height-default\" data-id=\"cc20696\" data-element_type=\"section\">\n\t\t\t\t\t\t<div class=\"elementor-container elementor-column-gap-default\">\n\t\t\t\t\t<div class=\"elementor-column elementor-col-100 elementor-top-column elementor-element elementor-element-d9b4a85\" data-id=\"d9b4a85\" data-element_type=\"column\">\n\t\t\t<div class=\"elementor-widget-wrap elementor-element-populated\">\n\t\t\t\t\t\t\t\t<div class=\"elementor-element elementor-element-6bd4e6e elementor-widget elementor-widget-text-editor\" data-id=\"6bd4e6e\" data-element_type=\"widget\" data-widget_type=\"text-editor.default\">\n\t\t\t\t<div class=\"elementor-widget-container\">\n\t\t\t\t\t\t\tAu d\u00e9but des ann\u00e9es quatre-vingt, dans les Aspres, petit massif des Pyr\u00e9n\u00e9es-Orientales bordant la M\u00e9diterran\u00e9e, des hommes et des femmes se sont engag\u00e9s pour que leur territoire, enclin \u00e0 la d\u00e9prise agricole et soumis au risque incendie ne br\u00fble plus.<br>\n\u00a0\u00bb \u00c7a sent le roussi \u00a0\u00bb raconte la mise en place et le fonctionnement de cette politique de d\u00e9fense de for\u00eat contre l&rsquo;incendie (DFCI), en \u00e9claire les enjeux d&rsquo;am\u00e9nagement et montre les fragilit\u00e9s d&rsquo;un dispositif de d\u00e9veloppement durable face \u00e0 des d\u00e9cisions politiques prises \u00e0 court terme.<br> A travers ce film, le r\u00e9alisateur Arnaud Brugier pose la question de l&rsquo;avenir des activit\u00e9s agricoles et pastorales sur les territoires de faible densit\u00e9 d\u00e9mographique, de plus en plus convoit\u00e9s pour des usages touristiques et r\u00e9sidentiels.\t\t\t\t\t\t<\/div>\n\t\t\t\t<\/div>\n\t\t\t\t\t<\/div>\n\t\t<\/div>\n\t\t\t\t\t\t\t<\/div>\n\t\t<\/section>\n\t\t\t\t<section class=\"elementor-section elementor-top-section elementor-element elementor-element-ab508c8 elementor-section-boxed elementor-section-height-default elementor-section-height-default\" data-id=\"ab508c8\" data-element_type=\"section\">\n\t\t\t\t\t\t<div class=\"elementor-container elementor-column-gap-default\">\n\t\t\t\t\t<div class=\"elementor-column elementor-col-33 elementor-top-column elementor-element elementor-element-f9df688\" data-id=\"f9df688\" data-element_type=\"column\">\n\t\t\t<div class=\"elementor-widget-wrap\">\n\t\t\t\t\t\t\t\t\t<\/div>\n\t\t<\/div>\n\t\t\t\t<div class=\"elementor-column elementor-col-33 elementor-top-column elementor-element elementor-element-5ab9826\" data-id=\"5ab9826\" data-element_type=\"column\">\n\t\t\t<div class=\"elementor-widget-wrap elementor-element-populated\">\n\t\t\t\t\t\t\t\t<div class=\"elementor-element elementor-element-84cd6d9 elementor-aspect-ratio-169 elementor-widget elementor-widget-video\" data-id=\"84cd6d9\" data-element_type=\"widget\" data-settings=\"{&quot;video_type&quot;:&quot;vimeo&quot;,&quot;aspect_ratio&quot;:&quot;169&quot;}\" data-widget_type=\"video.default\">\n\t\t\t\t<div class=\"elementor-widget-container\">\n\t\t\t<style>\/*! elementor - v3.10.0 - 09-01-2023 *\/\n.elementor-widget-video .elementor-widget-container{overflow:hidden;transform:translateZ(0)}.elementor-widget-video .elementor-open-inline .elementor-custom-embed-image-overlay{position:absolute;top:0;left:0;width:100%;height:100%;background-size:cover;background-position:50%}.elementor-widget-video .elementor-custom-embed-image-overlay{cursor:pointer;text-align:center}.elementor-widget-video .elementor-custom-embed-image-overlay:hover .elementor-custom-embed-play i{opacity:1}.elementor-widget-video .elementor-custom-embed-image-overlay img{display:block;width:100%}.elementor-widget-video .e-hosted-video .elementor-video{-o-object-fit:cover;object-fit:cover}.e-con-inner>.elementor-widget-video,.e-con>.elementor-widget-video{width:var(--container-widget-width);--flex-grow:var(--container-widget-flex-grow)}<\/style>\t\t<div class=\"elementor-wrapper elementor-fit-aspect-ratio elementor-open-inline\">\n\t\t\t<iframe class=\"elementor-video-iframe\" allowfullscreen title=\"Lecteur vid\u00e9o vimeo\" src=\"https:\/\/player.vimeo.com\/video\/880845890?color&amp;autopause=0&amp;loop=0&amp;muted=0&amp;title=1&amp;portrait=1&amp;byline=1#t=\"><\/iframe>\t\t<\/div>\n\t\t\t\t<\/div>\n\t\t\t\t<\/div>\n\t\t\t\t\t<\/div>\n\t\t<\/div>\n\t\t\t\t<div class=\"elementor-column elementor-col-33 elementor-top-column elementor-element elementor-element-60dce81\" data-id=\"60dce81\" data-element_type=\"column\">\n\t\t\t<div class=\"elementor-widget-wrap\">\n\t\t\t\t\t\t\t\t\t<\/div>\n\t\t<\/div>\n\t\t\t\t\t\t\t<\/div>\n\t\t<\/section>\n\t\t\t\t<section class=\"elementor-section elementor-top-section elementor-element elementor-element-1fa5f3f elementor-section-boxed elementor-section-height-default elementor-section-height-default\" data-id=\"1fa5f3f\" data-element_type=\"section\">\n\t\t\t\t\t\t<div class=\"elementor-container elementor-column-gap-default\">\n\t\t\t\t\t<div class=\"elementor-column elementor-col-50 elementor-top-column elementor-element elementor-element-c0fdbaf\" data-id=\"c0fdbaf\" data-element_type=\"column\">\n\t\t\t<div class=\"elementor-widget-wrap elementor-element-populated\">\n\t\t\t\t\t\t\t\t<div class=\"elementor-element elementor-element-b9e6851 elementor-aspect-ratio-169 elementor-widget elementor-widget-video\" data-id=\"b9e6851\" data-element_type=\"widget\" data-settings=\"{&quot;video_type&quot;:&quot;vimeo&quot;,&quot;aspect_ratio&quot;:&quot;169&quot;}\" data-widget_type=\"video.default\">\n\t\t\t\t<div class=\"elementor-widget-container\">\n\t\t\t\t\t<div class=\"elementor-wrapper elementor-fit-aspect-ratio elementor-open-inline\">\n\t\t\t<iframe class=\"elementor-video-iframe\" allowfullscreen title=\"Lecteur vid\u00e9o vimeo\" src=\"https:\/\/player.vimeo.com\/video\/880847200?color&amp;autopause=0&amp;loop=0&amp;muted=0&amp;title=1&amp;portrait=1&amp;byline=1#t=\"><\/iframe>\t\t<\/div>\n\t\t\t\t<\/div>\n\t\t\t\t<\/div>\n\t\t\t\t\t<\/div>\n\t\t<\/div>\n\t\t\t\t<div class=\"elementor-column elementor-col-50 elementor-top-column elementor-element elementor-element-9c3081c\" data-id=\"9c3081c\" data-element_type=\"column\">\n\t\t\t<div class=\"elementor-widget-wrap elementor-element-populated\">\n\t\t\t\t\t\t\t\t<div class=\"elementor-element elementor-element-3ab7506 elementor-aspect-ratio-169 elementor-widget elementor-widget-video\" data-id=\"3ab7506\" data-element_type=\"widget\" data-settings=\"{&quot;video_type&quot;:&quot;vimeo&quot;,&quot;aspect_ratio&quot;:&quot;169&quot;}\" data-widget_type=\"video.default\">\n\t\t\t\t<div class=\"elementor-widget-container\">\n\t\t\t\t\t<div class=\"elementor-wrapper elementor-fit-aspect-ratio elementor-open-inline\">\n\t\t\t<iframe class=\"elementor-video-iframe\" allowfullscreen title=\"Lecteur vid\u00e9o vimeo\" src=\"https:\/\/player.vimeo.com\/video\/880847709?color&amp;autopause=0&amp;loop=0&amp;muted=0&amp;title=1&amp;portrait=1&amp;byline=1#t=\"><\/iframe>\t\t<\/div>\n\t\t\t\t<\/div>\n\t\t\t\t<\/div>\n\t\t\t\t\t<\/div>\n\t\t<\/div>\n\t\t\t\t\t\t\t<\/div>\n\t\t<\/section>\n\t\t\t\t\t\t\t<\/div>\n\t\t","protected":false},"excerpt":{"rendered":"<p>\u00c7a sent le roussi &#8211; Documentaire 54 minutes &#8211; 2006 &#8211; Production Art-Image &#8211; Distribution : Les Productions de la Main Verte &#8211; R\u00e9alisation : Arnaud Brugier &#8211; Image : Christophe Bardy &#8211; Montage : R\u00e9mi Moulin &#8211; Son : Cyril Jammet &#8211; Avec l\u2019\u0153il avis\u00e9 de St\u00e9phane Goxe : &#8211; Film remasteris\u00e9 en HD &hellip;<\/p>\n<p class=\"read-more\"> <a class=\"\" href=\"https:\/\/maverda.fr\/index.php\/production-documentaire\/ca-sent-le-roussi\/\"> <span class=\"screen-reader-text\">\u00c7a sent le roussi<\/span> Lire la suite\u00a0\u00bb<\/a><\/p>\n","protected":false},"author":1,"featured_media":1220,"parent":146,"menu_order":0,"comment_status":"closed","ping_status":"closed","template":"","meta":{"site-sidebar-layout":"no-sidebar","site-content-layout":"page-builder","ast-global-header-display":"","ast-main-header-display":"","ast-hfb-above-header-display":"","ast-hfb-below-header-display":"","ast-hfb-mobile-header-display":"","site-post-title":"disabled","ast-breadcrumbs-content":"","ast-featured-img":"disabled","footer-sml-layout":"","theme-transparent-header-meta":"","adv-header-id-meta":"","stick-header-meta":"","header-above-stick-meta":"","header-main-stick-meta":"","header-below-stick-meta":"","footnotes":""},"class_list":["post-1063","page","type-page","status-publish","has-post-thumbnail","hentry"],"yoast_head":"<!-- This site is optimized with the Yoast SEO plugin v21.5 - https:\/\/yoast.com\/wordpress\/plugins\/seo\/ -->\n<title>\u00c7a sent le roussi - Les Productions de la Main Verte<\/title>\n<meta name=\"robots\" content=\"index, follow, max-snippet:-1, max-image-preview:large, max-video-preview:-1\" \/>\n<link rel=\"canonical\" href=\"https:\/\/maverda.fr\/index.php\/production-documentaire\/ca-sent-le-roussi\/\" \/>\n<meta property=\"og:locale\" content=\"fr_FR\" \/>\n<meta property=\"og:type\" content=\"article\" \/>\n<meta property=\"og:title\" content=\"\u00c7a sent le roussi - Les Productions de la Main Verte\" \/>\n<meta property=\"og:description\" content=\"\u00c7a sent le roussi &#8211; Documentaire 54 minutes &#8211; 2006 &#8211; Production Art-Image &#8211; Distribution : Les Productions de la Main Verte &#8211; R\u00e9alisation : Arnaud Brugier &#8211; Image : Christophe Bardy &#8211; Montage : R\u00e9mi Moulin &#8211; Son : Cyril Jammet &#8211; Avec l\u2019\u0153il avis\u00e9 de St\u00e9phane Goxe : &#8211; Film remasteris\u00e9 en HD &hellip; \u00c7a sent le roussi Lire la suite\u00a0\u00bb\" \/>\n<meta property=\"og:url\" content=\"https:\/\/maverda.fr\/index.php\/production-documentaire\/ca-sent-le-roussi\/\" \/>\n<meta property=\"og:site_name\" content=\"Les Productions de la Main Verte\" \/>\n<meta property=\"article:modified_time\" content=\"2023-11-21T16:50:15+00:00\" \/>\n<meta property=\"og:image\" content=\"https:\/\/maverda.fr\/wp-content\/uploads\/2023\/10\/Affiche-visuel-page-interne.jpg\" \/>\n\t<meta property=\"og:image:width\" content=\"700\" \/>\n\t<meta property=\"og:image:height\" content=\"990\" \/>\n\t<meta property=\"og:image:type\" content=\"image\/jpeg\" \/>\n<meta name=\"twitter:card\" content=\"summary_large_image\" \/>\n<meta name=\"twitter:label1\" content=\"Dur\u00e9e de lecture estim\u00e9e\" \/>\n\t<meta name=\"twitter:data1\" content=\"2 minutes\" \/>\n<script type=\"application\/ld+json\" class=\"yoast-schema-graph\">{\"@context\":\"https:\/\/schema.org\",\"@graph\":[{\"@type\":\"WebPage\",\"@id\":\"https:\/\/maverda.fr\/index.php\/production-documentaire\/ca-sent-le-roussi\/\",\"url\":\"https:\/\/maverda.fr\/index.php\/production-documentaire\/ca-sent-le-roussi\/\",\"name\":\"\u00c7a sent le roussi - Les Productions de la Main Verte\",\"isPartOf\":{\"@id\":\"https:\/\/maverda.fr\/#website\"},\"datePublished\":\"2023-10-25T22:21:53+00:00\",\"dateModified\":\"2023-11-21T16:50:15+00:00\",\"breadcrumb\":{\"@id\":\"https:\/\/maverda.fr\/index.php\/production-documentaire\/ca-sent-le-roussi\/#breadcrumb\"},\"inLanguage\":\"fr-FR\",\"potentialAction\":[{\"@type\":\"ReadAction\",\"target\":[\"https:\/\/maverda.fr\/index.php\/production-documentaire\/ca-sent-le-roussi\/\"]}]},{\"@type\":\"BreadcrumbList\",\"@id\":\"https:\/\/maverda.fr\/index.php\/production-documentaire\/ca-sent-le-roussi\/#breadcrumb\",\"itemListElement\":[{\"@type\":\"ListItem\",\"position\":1,\"name\":\"Accueil\",\"item\":\"https:\/\/maverda.fr\/\"},{\"@type\":\"ListItem\",\"position\":2,\"name\":\"Catalogue documentaires\",\"item\":\"https:\/\/maverda.fr\/index.php\/production-documentaire\/\"},{\"@type\":\"ListItem\",\"position\":3,\"name\":\"\u00c7a sent le roussi\"}]},{\"@type\":\"WebSite\",\"@id\":\"https:\/\/maverda.fr\/#website\",\"url\":\"https:\/\/maverda.fr\/\",\"name\":\"Les Productions de la Main Verte\",\"description\":\"Un site utilisant WordPress\",\"publisher\":{\"@id\":\"https:\/\/maverda.fr\/#organization\"},\"potentialAction\":[{\"@type\":\"SearchAction\",\"target\":{\"@type\":\"EntryPoint\",\"urlTemplate\":\"https:\/\/maverda.fr\/?s={search_term_string}\"},\"query-input\":\"required name=search_term_string\"}],\"inLanguage\":\"fr-FR\"},{\"@type\":\"Organization\",\"@id\":\"https:\/\/maverda.fr\/#organization\",\"name\":\"Les Productions de la Main Verte\",\"url\":\"https:\/\/maverda.fr\/\",\"logo\":{\"@type\":\"ImageObject\",\"inLanguage\":\"fr-FR\",\"@id\":\"https:\/\/maverda.fr\/#\/schema\/logo\/image\/\",\"url\":\"https:\/\/maverda.fr\/wp-content\/uploads\/2024\/05\/cropped-Logo-Main-Verte-Fond-Beige.png\",\"contentUrl\":\"https:\/\/maverda.fr\/wp-content\/uploads\/2024\/05\/cropped-Logo-Main-Verte-Fond-Beige.png\",\"width\":1480,\"height\":397,\"caption\":\"Les Productions de la Main Verte\"},\"image\":{\"@id\":\"https:\/\/maverda.fr\/#\/schema\/logo\/image\/\"}}]}<\/script>\n<!-- \/ Yoast SEO plugin. -->","yoast_head_json":{"title":"\u00c7a sent le roussi - Les Productions de la Main Verte","robots":{"index":"index","follow":"follow","max-snippet":"max-snippet:-1","max-image-preview":"max-image-preview:large","max-video-preview":"max-video-preview:-1"},"canonical":"https:\/\/maverda.fr\/index.php\/production-documentaire\/ca-sent-le-roussi\/","og_locale":"fr_FR","og_type":"article","og_title":"\u00c7a sent le roussi - Les Productions de la Main Verte","og_description":"\u00c7a sent le roussi &#8211; Documentaire 54 minutes &#8211; 2006 &#8211; Production Art-Image &#8211; Distribution : Les Productions de la Main Verte &#8211; R\u00e9alisation : Arnaud Brugier &#8211; Image : Christophe Bardy &#8211; Montage : R\u00e9mi Moulin &#8211; Son : Cyril Jammet &#8211; Avec l\u2019\u0153il avis\u00e9 de St\u00e9phane Goxe : &#8211; Film remasteris\u00e9 en HD &hellip; \u00c7a sent le roussi Lire la suite\u00a0\u00bb","og_url":"https:\/\/maverda.fr\/index.php\/production-documentaire\/ca-sent-le-roussi\/","og_site_name":"Les Productions de la Main Verte","article_modified_time":"2023-11-21T16:50:15+00:00","og_image":[{"width":700,"height":990,"url":"https:\/\/maverda.fr\/wp-content\/uploads\/2023\/10\/Affiche-visuel-page-interne.jpg","type":"image\/jpeg"}],"twitter_card":"summary_large_image","twitter_misc":{"Dur\u00e9e de lecture estim\u00e9e":"2 minutes"},"schema":{"@context":"https:\/\/schema.org","@graph":[{"@type":"WebPage","@id":"https:\/\/maverda.fr\/index.php\/production-documentaire\/ca-sent-le-roussi\/","url":"https:\/\/maverda.fr\/index.php\/production-documentaire\/ca-sent-le-roussi\/","name":"\u00c7a sent le roussi - Les Productions de la Main Verte","isPartOf":{"@id":"https:\/\/maverda.fr\/#website"},"datePublished":"2023-10-25T22:21:53+00:00","dateModified":"2023-11-21T16:50:15+00:00","breadcrumb":{"@id":"https:\/\/maverda.fr\/index.php\/production-documentaire\/ca-sent-le-roussi\/#breadcrumb"},"inLanguage":"fr-FR","potentialAction":[{"@type":"ReadAction","target":["https:\/\/maverda.fr\/index.php\/production-documentaire\/ca-sent-le-roussi\/"]}]},{"@type":"BreadcrumbList","@id":"https:\/\/maverda.fr\/index.php\/production-documentaire\/ca-sent-le-roussi\/#breadcrumb","itemListElement":[{"@type":"ListItem","position":1,"name":"Accueil","item":"https:\/\/maverda.fr\/"},{"@type":"ListItem","position":2,"name":"Catalogue documentaires","item":"https:\/\/maverda.fr\/index.php\/production-documentaire\/"},{"@type":"ListItem","position":3,"name":"\u00c7a sent le roussi"}]},{"@type":"WebSite","@id":"https:\/\/maverda.fr\/#website","url":"https:\/\/maverda.fr\/","name":"Les Productions de la Main Verte","description":"Un site utilisant WordPress","publisher":{"@id":"https:\/\/maverda.fr\/#organization"},"potentialAction":[{"@type":"SearchAction","target":{"@type":"EntryPoint","urlTemplate":"https:\/\/maverda.fr\/?s={search_term_string}"},"query-input":"required name=search_term_string"}],"inLanguage":"fr-FR"},{"@type":"Organization","@id":"https:\/\/maverda.fr\/#organization","name":"Les Productions de la Main Verte","url":"https:\/\/maverda.fr\/","logo":{"@type":"ImageObject","inLanguage":"fr-FR","@id":"https:\/\/maverda.fr\/#\/schema\/logo\/image\/","url":"https:\/\/maverda.fr\/wp-content\/uploads\/2024\/05\/cropped-Logo-Main-Verte-Fond-Beige.png","contentUrl":"https:\/\/maverda.fr\/wp-content\/uploads\/2024\/05\/cropped-Logo-Main-Verte-Fond-Beige.png","width":1480,"height":397,"caption":"Les Productions de la Main Verte"},"image":{"@id":"https:\/\/maverda.fr\/#\/schema\/logo\/image\/"}}]}},"_links":{"self":[{"href":"https:\/\/maverda.fr\/index.php\/wp-json\/wp\/v2\/pages\/1063","targetHints":{"allow":["GET"]}}],"collection":[{"href":"https:\/\/maverda.fr\/index.php\/wp-json\/wp\/v2\/pages"}],"about":[{"href":"https:\/\/maverda.fr\/index.php\/wp-json\/wp\/v2\/types\/page"}],"author":[{"embeddable":true,"href":"https:\/\/maverda.fr\/index.php\/wp-json\/wp\/v2\/users\/1"}],"replies":[{"embeddable":true,"href":"https:\/\/maverda.fr\/index.php\/wp-json\/wp\/v2\/comments?post=1063"}],"version-history":[{"count":104,"href":"https:\/\/maverda.fr\/index.php\/wp-json\/wp\/v2\/pages\/1063\/revisions"}],"predecessor-version":[{"id":2502,"href":"https:\/\/maverda.fr\/index.php\/wp-json\/wp\/v2\/pages\/1063\/revisions\/2502"}],"up":[{"embeddable":true,"href":"https:\/\/maverda.fr\/index.php\/wp-json\/wp\/v2\/pages\/146"}],"wp:featuredmedia":[{"embeddable":true,"href":"https:\/\/maverda.fr\/index.php\/wp-json\/wp\/v2\/media\/1220"}],"wp:attachment":[{"href":"https:\/\/maverda.fr\/index.php\/wp-json\/wp\/v2\/media?parent=1063"}],"curies":[{"name":"wp","href":"https:\/\/api.w.org\/{rel}","templated":true}]}}