{"id":1037,"date":"2023-10-26T00:09:58","date_gmt":"2023-10-25T22:09:58","guid":{"rendered":"https:\/\/maverda.fr\/?page_id=1037"},"modified":"2024-05-12T19:17:32","modified_gmt":"2024-05-12T17:17:32","slug":"parfois-il-pleut","status":"publish","type":"page","link":"https:\/\/maverda.fr\/index.php\/production-documentaire\/parfois-il-pleut\/","title":{"rendered":"parfois il pleut"},"content":{"rendered":"\t\t<div data-elementor-type=\"wp-page\" data-elementor-id=\"1037\" class=\"elementor elementor-1037\">\n\t\t\t\t\t\t\t\t\t<section class=\"elementor-section elementor-top-section elementor-element elementor-element-0dacc8e elementor-section-boxed elementor-section-height-default elementor-section-height-default\" data-id=\"0dacc8e\" data-element_type=\"section\">\n\t\t\t\t\t\t<div class=\"elementor-container elementor-column-gap-default\">\n\t\t\t\t\t<div class=\"elementor-column elementor-col-100 elementor-top-column elementor-element elementor-element-cb8d6b1\" data-id=\"cb8d6b1\" data-element_type=\"column\">\n\t\t\t<div class=\"elementor-widget-wrap elementor-element-populated\">\n\t\t\t\t\t\t\t\t<div class=\"elementor-element elementor-element-d988ab1 elementor-widget elementor-widget-heading\" data-id=\"d988ab1\" data-element_type=\"widget\" data-widget_type=\"heading.default\">\n\t\t\t\t<div class=\"elementor-widget-container\">\n\t\t\t<style>\/*! elementor - v3.10.0 - 09-01-2023 *\/\n.elementor-heading-title{padding:0;margin:0;line-height:1}.elementor-widget-heading .elementor-heading-title[class*=elementor-size-]>a{color:inherit;font-size:inherit;line-height:inherit}.elementor-widget-heading .elementor-heading-title.elementor-size-small{font-size:15px}.elementor-widget-heading .elementor-heading-title.elementor-size-medium{font-size:19px}.elementor-widget-heading .elementor-heading-title.elementor-size-large{font-size:29px}.elementor-widget-heading .elementor-heading-title.elementor-size-xl{font-size:39px}.elementor-widget-heading .elementor-heading-title.elementor-size-xxl{font-size:59px}<\/style><h1 class=\"elementor-heading-title elementor-size-default\">Parfois il pleut<\/h1>\t\t<\/div>\n\t\t\t\t<\/div>\n\t\t\t\t\t<\/div>\n\t\t<\/div>\n\t\t\t\t\t\t\t<\/div>\n\t\t<\/section>\n\t\t\t\t<section class=\"elementor-section elementor-top-section elementor-element elementor-element-02114e6 elementor-section-content-middle elementor-section-boxed elementor-section-height-default elementor-section-height-default\" data-id=\"02114e6\" data-element_type=\"section\">\n\t\t\t\t\t\t<div class=\"elementor-container elementor-column-gap-default\">\n\t\t\t\t\t<div class=\"elementor-column elementor-col-50 elementor-top-column elementor-element elementor-element-4ed974f\" data-id=\"4ed974f\" data-element_type=\"column\">\n\t\t\t<div class=\"elementor-widget-wrap elementor-element-populated\">\n\t\t\t\t\t\t\t\t<div class=\"elementor-element elementor-element-8d3481e elementor-widget elementor-widget-image\" data-id=\"8d3481e\" data-element_type=\"widget\" data-widget_type=\"image.default\">\n\t\t\t\t<div class=\"elementor-widget-container\">\n\t\t\t<style>\/*! elementor - v3.10.0 - 09-01-2023 *\/\n.elementor-widget-image{text-align:center}.elementor-widget-image a{display:inline-block}.elementor-widget-image a img[src$=\".svg\"]{width:48px}.elementor-widget-image img{vertical-align:middle;display:inline-block}<\/style>\t\t\t\t\t\t\t\t\t\t\t\t<img loading=\"lazy\" decoding=\"async\" width=\"1024\" height=\"669\" src=\"https:\/\/maverda.fr\/wp-content\/uploads\/2023\/10\/Visuel-page-film-1024x669.jpg\" class=\"attachment-large size-large wp-image-1080\" alt=\"\" srcset=\"https:\/\/maverda.fr\/wp-content\/uploads\/2023\/10\/Visuel-page-film-1024x669.jpg 1024w, https:\/\/maverda.fr\/wp-content\/uploads\/2023\/10\/Visuel-page-film-300x196.jpg 300w, https:\/\/maverda.fr\/wp-content\/uploads\/2023\/10\/Visuel-page-film-768x502.jpg 768w, https:\/\/maverda.fr\/wp-content\/uploads\/2023\/10\/Visuel-page-film-1536x1003.jpg 1536w, https:\/\/maverda.fr\/wp-content\/uploads\/2023\/10\/Visuel-page-film-2048x1338.jpg 2048w\" sizes=\"auto, (max-width: 1024px) 100vw, 1024px\" \/>\t\t\t\t\t\t\t\t\t\t\t\t\t\t\t<\/div>\n\t\t\t\t<\/div>\n\t\t\t\t\t<\/div>\n\t\t<\/div>\n\t\t\t\t<div class=\"elementor-column elementor-col-50 elementor-top-column elementor-element elementor-element-c6bac80\" data-id=\"c6bac80\" data-element_type=\"column\">\n\t\t\t<div class=\"elementor-widget-wrap elementor-element-populated\">\n\t\t\t\t\t\t\t\t<div class=\"elementor-element elementor-element-f87d3cd elementor-widget elementor-widget-text-editor\" data-id=\"f87d3cd\" data-element_type=\"widget\" data-widget_type=\"text-editor.default\">\n\t\t\t\t<div class=\"elementor-widget-container\">\n\t\t\t<style>\/*! elementor - v3.10.0 - 09-01-2023 *\/\n.elementor-widget-text-editor.elementor-drop-cap-view-stacked .elementor-drop-cap{background-color:#818a91;color:#fff}.elementor-widget-text-editor.elementor-drop-cap-view-framed .elementor-drop-cap{color:#818a91;border:3px solid;background-color:transparent}.elementor-widget-text-editor:not(.elementor-drop-cap-view-default) .elementor-drop-cap{margin-top:8px}.elementor-widget-text-editor:not(.elementor-drop-cap-view-default) .elementor-drop-cap-letter{width:1em;height:1em}.elementor-widget-text-editor .elementor-drop-cap{float:left;text-align:center;line-height:1;font-size:50px}.elementor-widget-text-editor .elementor-drop-cap-letter{display:inline-block}<\/style>\t\t\t\t<p>&#8211; Documentaire 52 minutes &#8211; 2023<br \/>&#8211; Coproduction France T\u00e9l\u00e9visions \/ Les Productions de la Main Verte<br \/>&#8211; R\u00e9alisation : Arnaud Brugier<br \/>&#8211; Image et direction technique : Christophe Bardy<br \/>&#8211; Son : Flavien Papot<br \/>&#8211; Musique originale et ambiance sonore : Jean Lloveras<br \/>&#8211; Infographies et Motion design 2D\/3D : Benjamin Trancart<br \/>&#8211; Voix : Christophe Lafargue<br \/>&#8211; Enregistrement et montage son : Baptiste Sangla<br \/>&#8211; \u00c9talonnage : Aymeric Ayral<\/p>\t\t\t\t\t\t<\/div>\n\t\t\t\t<\/div>\n\t\t\t\t<div class=\"elementor-element elementor-element-a878c1a elementor-widget elementor-widget-text-editor\" data-id=\"a878c1a\" data-element_type=\"widget\" data-widget_type=\"text-editor.default\">\n\t\t\t\t<div class=\"elementor-widget-container\">\n\t\t\t\t\t\t\t<p>Formats projection : DCP 1:85, Fichier H264 &#8211; 1080P25 <a href=\"https:\/\/maverda.fr\/index.php\/dvd-vod\/\"><br \/>Disponible en location ou achat streaming HD VOD<\/a><\/p>\t\t\t\t\t\t<\/div>\n\t\t\t\t<\/div>\n\t\t\t\t\t<\/div>\n\t\t<\/div>\n\t\t\t\t\t\t\t<\/div>\n\t\t<\/section>\n\t\t\t\t<section class=\"elementor-section elementor-top-section elementor-element elementor-element-03034db elementor-section-boxed elementor-section-height-default elementor-section-height-default\" data-id=\"03034db\" data-element_type=\"section\">\n\t\t\t\t\t\t<div class=\"elementor-container elementor-column-gap-default\">\n\t\t\t\t\t<div class=\"elementor-column elementor-col-100 elementor-top-column elementor-element elementor-element-82baf68\" data-id=\"82baf68\" data-element_type=\"column\">\n\t\t\t<div class=\"elementor-widget-wrap elementor-element-populated\">\n\t\t\t\t\t\t\t\t<div class=\"elementor-element elementor-element-9dbd87f elementor-widget elementor-widget-text-editor\" data-id=\"9dbd87f\" data-element_type=\"widget\" data-widget_type=\"text-editor.default\">\n\t\t\t\t<div class=\"elementor-widget-container\">\n\t\t\t\t\t\t\t<p>Nous avons tous en t\u00eate ces d\u00e9luges de pluie provoquant des inondations monstres, emportant les maisons et les routes et faisant de nombreuses victimes sur le pourtour M\u00e9diterran\u00e9en.\u00a0<\/p><p>France, Espagne, Italie, Gr\u00e8ce, Turquie, Lybie, Maroc ont \u00e9t\u00e9 frapp\u00e9s durement ces derni\u00e8res ann\u00e9es par ces ph\u00e9nom\u00e8nes. Mais qui se souvient du plus terrible de ces \u00e9pisodes m\u00e9diterran\u00e9ens qui meurtrit la France et l&rsquo;Espagne au vingti\u00e8me si\u00e8cle ?<\/p><p>Tomb\u00e9 dans l&rsquo;oubli, ce cataclysme lors duquel 2000 mm d&rsquo;eau \u00e9taient tomb\u00e9s en quatre jours avait tu\u00e9 des centaines de personnes et tout d\u00e9truit sur son passage.<\/p><p>Le film Parfois il pleut retrace son histoire et ses cons\u00e9quences.<\/p><p>Il permet aussi de mieux comprendre pourquoi nous devons craindre le retour d&rsquo;un tel \u00e9v\u00e9nement dans un contexte global de r\u00e9chauffement climatique.<\/p>\t\t\t\t\t\t<\/div>\n\t\t\t\t<\/div>\n\t\t\t\t\t<\/div>\n\t\t<\/div>\n\t\t\t\t\t\t\t<\/div>\n\t\t<\/section>\n\t\t\t\t<section class=\"elementor-section elementor-top-section elementor-element elementor-element-5525f8b elementor-section-content-middle elementor-section-boxed elementor-section-height-default elementor-section-height-default\" data-id=\"5525f8b\" data-element_type=\"section\">\n\t\t\t\t\t\t<div class=\"elementor-container elementor-column-gap-default\">\n\t\t\t\t\t<div class=\"elementor-column elementor-col-50 elementor-top-column elementor-element elementor-element-446504c\" data-id=\"446504c\" data-element_type=\"column\">\n\t\t\t<div class=\"elementor-widget-wrap elementor-element-populated\">\n\t\t\t\t\t\t\t\t<div class=\"elementor-element elementor-element-f14cf1b elementor-aspect-ratio-169 elementor-widget elementor-widget-video\" data-id=\"f14cf1b\" data-element_type=\"widget\" data-settings=\"{&quot;video_type&quot;:&quot;vimeo&quot;,&quot;aspect_ratio&quot;:&quot;169&quot;}\" data-widget_type=\"video.default\">\n\t\t\t\t<div class=\"elementor-widget-container\">\n\t\t\t<style>\/*! elementor - v3.10.0 - 09-01-2023 *\/\n.elementor-widget-video .elementor-widget-container{overflow:hidden;transform:translateZ(0)}.elementor-widget-video .elementor-open-inline .elementor-custom-embed-image-overlay{position:absolute;top:0;left:0;width:100%;height:100%;background-size:cover;background-position:50%}.elementor-widget-video .elementor-custom-embed-image-overlay{cursor:pointer;text-align:center}.elementor-widget-video .elementor-custom-embed-image-overlay:hover .elementor-custom-embed-play i{opacity:1}.elementor-widget-video .elementor-custom-embed-image-overlay img{display:block;width:100%}.elementor-widget-video .e-hosted-video .elementor-video{-o-object-fit:cover;object-fit:cover}.e-con-inner>.elementor-widget-video,.e-con>.elementor-widget-video{width:var(--container-widget-width);--flex-grow:var(--container-widget-flex-grow)}<\/style>\t\t<div class=\"elementor-wrapper elementor-fit-aspect-ratio elementor-open-inline\">\n\t\t\t<iframe class=\"elementor-video-iframe\" allowfullscreen title=\"Lecteur vid\u00e9o vimeo\" src=\"https:\/\/player.vimeo.com\/video\/880529339?color&amp;autopause=0&amp;loop=0&amp;muted=0&amp;title=1&amp;portrait=1&amp;byline=1#t=\"><\/iframe>\t\t<\/div>\n\t\t\t\t<\/div>\n\t\t\t\t<\/div>\n\t\t\t\t\t<\/div>\n\t\t<\/div>\n\t\t\t\t<div class=\"elementor-column elementor-col-50 elementor-top-column elementor-element elementor-element-6c1cc80\" data-id=\"6c1cc80\" data-element_type=\"column\">\n\t\t\t<div class=\"elementor-widget-wrap elementor-element-populated\">\n\t\t\t\t\t\t\t\t<div class=\"elementor-element elementor-element-139e2ee elementor-aspect-ratio-169 elementor-widget elementor-widget-video\" data-id=\"139e2ee\" data-element_type=\"widget\" data-settings=\"{&quot;video_type&quot;:&quot;vimeo&quot;,&quot;aspect_ratio&quot;:&quot;169&quot;}\" data-widget_type=\"video.default\">\n\t\t\t\t<div class=\"elementor-widget-container\">\n\t\t\t\t\t<div class=\"elementor-wrapper elementor-fit-aspect-ratio elementor-open-inline\">\n\t\t\t<iframe class=\"elementor-video-iframe\" allowfullscreen title=\"Lecteur vid\u00e9o vimeo\" src=\"https:\/\/player.vimeo.com\/video\/880529932?color&amp;autopause=0&amp;loop=0&amp;muted=0&amp;title=1&amp;portrait=1&amp;byline=1#t=\"><\/iframe>\t\t<\/div>\n\t\t\t\t<\/div>\n\t\t\t\t<\/div>\n\t\t\t\t\t<\/div>\n\t\t<\/div>\n\t\t\t\t\t\t\t<\/div>\n\t\t<\/section>\n\t\t\t\t<section class=\"elementor-section elementor-top-section elementor-element elementor-element-c5088c3 elementor-section-boxed elementor-section-height-default elementor-section-height-default\" data-id=\"c5088c3\" data-element_type=\"section\">\n\t\t\t\t\t\t<div class=\"elementor-container elementor-column-gap-default\">\n\t\t\t\t\t<div class=\"elementor-column elementor-col-50 elementor-top-column elementor-element elementor-element-221b11a\" data-id=\"221b11a\" data-element_type=\"column\">\n\t\t\t<div class=\"elementor-widget-wrap elementor-element-populated\">\n\t\t\t\t\t\t\t\t<div class=\"elementor-element elementor-element-1e82b8b elementor-aspect-ratio-169 elementor-widget elementor-widget-video\" data-id=\"1e82b8b\" data-element_type=\"widget\" data-settings=\"{&quot;video_type&quot;:&quot;vimeo&quot;,&quot;aspect_ratio&quot;:&quot;169&quot;}\" data-widget_type=\"video.default\">\n\t\t\t\t<div class=\"elementor-widget-container\">\n\t\t\t\t\t<div class=\"elementor-wrapper elementor-fit-aspect-ratio elementor-open-inline\">\n\t\t\t<iframe class=\"elementor-video-iframe\" allowfullscreen title=\"Lecteur vid\u00e9o vimeo\" src=\"https:\/\/player.vimeo.com\/video\/880530663?color&amp;autopause=0&amp;loop=0&amp;muted=0&amp;title=1&amp;portrait=1&amp;byline=1#t=\"><\/iframe>\t\t<\/div>\n\t\t\t\t<\/div>\n\t\t\t\t<\/div>\n\t\t\t\t\t<\/div>\n\t\t<\/div>\n\t\t\t\t<div class=\"elementor-column elementor-col-50 elementor-top-column elementor-element elementor-element-8d2b810\" data-id=\"8d2b810\" data-element_type=\"column\">\n\t\t\t<div class=\"elementor-widget-wrap elementor-element-populated\">\n\t\t\t\t\t\t\t\t<div class=\"elementor-element elementor-element-dd391ab elementor-aspect-ratio-169 elementor-widget elementor-widget-video\" data-id=\"dd391ab\" data-element_type=\"widget\" data-settings=\"{&quot;video_type&quot;:&quot;vimeo&quot;,&quot;aspect_ratio&quot;:&quot;169&quot;}\" data-widget_type=\"video.default\">\n\t\t\t\t<div class=\"elementor-widget-container\">\n\t\t\t\t\t<div class=\"elementor-wrapper elementor-fit-aspect-ratio elementor-open-inline\">\n\t\t\t<iframe class=\"elementor-video-iframe\" allowfullscreen title=\"Lecteur vid\u00e9o vimeo\" src=\"https:\/\/player.vimeo.com\/video\/880587363?color&amp;autopause=0&amp;loop=0&amp;muted=0&amp;title=1&amp;portrait=1&amp;byline=1#t=\"><\/iframe>\t\t<\/div>\n\t\t\t\t<\/div>\n\t\t\t\t<\/div>\n\t\t\t\t\t<\/div>\n\t\t<\/div>\n\t\t\t\t\t\t\t<\/div>\n\t\t<\/section>\n\t\t\t\t<section class=\"elementor-section elementor-top-section elementor-element elementor-element-3be8978 elementor-section-boxed elementor-section-height-default elementor-section-height-default\" data-id=\"3be8978\" data-element_type=\"section\">\n\t\t\t\t\t\t<div class=\"elementor-container elementor-column-gap-default\">\n\t\t\t\t\t<div class=\"elementor-column elementor-col-50 elementor-top-column elementor-element elementor-element-c525800\" data-id=\"c525800\" data-element_type=\"column\">\n\t\t\t<div class=\"elementor-widget-wrap elementor-element-populated\">\n\t\t\t\t\t\t\t\t<div class=\"elementor-element elementor-element-3f41a93 elementor-aspect-ratio-169 elementor-widget elementor-widget-video\" data-id=\"3f41a93\" data-element_type=\"widget\" data-settings=\"{&quot;video_type&quot;:&quot;vimeo&quot;,&quot;aspect_ratio&quot;:&quot;169&quot;}\" data-widget_type=\"video.default\">\n\t\t\t\t<div class=\"elementor-widget-container\">\n\t\t\t\t\t<div class=\"elementor-wrapper elementor-fit-aspect-ratio elementor-open-inline\">\n\t\t\t<iframe class=\"elementor-video-iframe\" allowfullscreen title=\"Lecteur vid\u00e9o vimeo\" src=\"https:\/\/player.vimeo.com\/video\/943550659?color&amp;autopause=0&amp;loop=0&amp;muted=0&amp;title=1&amp;portrait=1&amp;byline=1#t=\"><\/iframe>\t\t<\/div>\n\t\t\t\t<\/div>\n\t\t\t\t<\/div>\n\t\t\t\t\t<\/div>\n\t\t<\/div>\n\t\t\t\t<div class=\"elementor-column elementor-col-50 elementor-top-column elementor-element elementor-element-778787d\" data-id=\"778787d\" data-element_type=\"column\">\n\t\t\t<div class=\"elementor-widget-wrap elementor-element-populated\">\n\t\t\t\t\t\t\t\t<div class=\"elementor-element elementor-element-9a187a9 elementor-aspect-ratio-169 elementor-widget elementor-widget-video\" data-id=\"9a187a9\" data-element_type=\"widget\" data-settings=\"{&quot;video_type&quot;:&quot;vimeo&quot;,&quot;aspect_ratio&quot;:&quot;169&quot;}\" data-widget_type=\"video.default\">\n\t\t\t\t<div class=\"elementor-widget-container\">\n\t\t\t\t\t<div class=\"elementor-wrapper elementor-fit-aspect-ratio elementor-open-inline\">\n\t\t\t<iframe class=\"elementor-video-iframe\" allowfullscreen title=\"Lecteur vid\u00e9o vimeo\" src=\"https:\/\/player.vimeo.com\/video\/943553616?color&amp;autopause=0&amp;loop=0&amp;muted=0&amp;title=1&amp;portrait=1&amp;byline=1#t=\"><\/iframe>\t\t<\/div>\n\t\t\t\t<\/div>\n\t\t\t\t<\/div>\n\t\t\t\t\t<\/div>\n\t\t<\/div>\n\t\t\t\t\t\t\t<\/div>\n\t\t<\/section>\n\t\t\t\t\t\t\t<\/div>\n\t\t","protected":false},"excerpt":{"rendered":"<p>Parfois il pleut &#8211; Documentaire 52 minutes &#8211; 2023&#8211; Coproduction France T\u00e9l\u00e9visions \/ Les Productions de la Main Verte&#8211; R\u00e9alisation : Arnaud Brugier&#8211; Image et direction technique : Christophe Bardy&#8211; Son : Flavien Papot&#8211; Musique originale et ambiance sonore : Jean Lloveras&#8211; Infographies et Motion design 2D\/3D : Benjamin Trancart&#8211; Voix : Christophe Lafargue&#8211; Enregistrement &hellip;<\/p>\n<p class=\"read-more\"> <a class=\"\" href=\"https:\/\/maverda.fr\/index.php\/production-documentaire\/parfois-il-pleut\/\"> <span class=\"screen-reader-text\">parfois il pleut<\/span> Lire la suite\u00a0\u00bb<\/a><\/p>\n","protected":false},"author":1,"featured_media":0,"parent":146,"menu_order":0,"comment_status":"closed","ping_status":"closed","template":"","meta":{"site-sidebar-layout":"no-sidebar","site-content-layout":"page-builder","ast-global-header-display":"","ast-main-header-display":"","ast-hfb-above-header-display":"","ast-hfb-below-header-display":"","ast-hfb-mobile-header-display":"","site-post-title":"disabled","ast-breadcrumbs-content":"","ast-featured-img":"disabled","footer-sml-layout":"","theme-transparent-header-meta":"","adv-header-id-meta":"","stick-header-meta":"","header-above-stick-meta":"","header-main-stick-meta":"","header-below-stick-meta":"","footnotes":""},"class_list":["post-1037","page","type-page","status-publish","hentry"],"yoast_head":"<!-- This site is optimized with the Yoast SEO plugin v21.5 - https:\/\/yoast.com\/wordpress\/plugins\/seo\/ -->\n<title>parfois il pleut - Les Productions de la Main Verte<\/title>\n<meta name=\"robots\" content=\"index, follow, max-snippet:-1, max-image-preview:large, max-video-preview:-1\" \/>\n<link rel=\"canonical\" href=\"https:\/\/maverda.fr\/index.php\/production-documentaire\/parfois-il-pleut\/\" \/>\n<meta property=\"og:locale\" content=\"fr_FR\" \/>\n<meta property=\"og:type\" content=\"article\" \/>\n<meta property=\"og:title\" content=\"parfois il pleut - Les Productions de la Main Verte\" \/>\n<meta property=\"og:description\" content=\"Parfois il pleut &#8211; Documentaire 52 minutes &#8211; 2023&#8211; Coproduction France T\u00e9l\u00e9visions \/ Les Productions de la Main Verte&#8211; R\u00e9alisation : Arnaud Brugier&#8211; Image et direction technique : Christophe Bardy&#8211; Son : Flavien Papot&#8211; Musique originale et ambiance sonore : Jean Lloveras&#8211; Infographies et Motion design 2D\/3D : Benjamin Trancart&#8211; Voix : Christophe Lafargue&#8211; Enregistrement &hellip; parfois il pleut Lire la suite\u00a0\u00bb\" \/>\n<meta property=\"og:url\" content=\"https:\/\/maverda.fr\/index.php\/production-documentaire\/parfois-il-pleut\/\" \/>\n<meta property=\"og:site_name\" content=\"Les Productions de la Main Verte\" \/>\n<meta property=\"article:modified_time\" content=\"2024-05-12T17:17:32+00:00\" \/>\n<meta property=\"og:image\" content=\"https:\/\/maverda.fr\/wp-content\/uploads\/2023\/10\/Visuel-page-film-1024x669.jpg\" \/>\n<meta name=\"twitter:card\" content=\"summary_large_image\" \/>\n<meta name=\"twitter:label1\" content=\"Dur\u00e9e de lecture estim\u00e9e\" \/>\n\t<meta name=\"twitter:data1\" content=\"2 minutes\" \/>\n<script type=\"application\/ld+json\" class=\"yoast-schema-graph\">{\"@context\":\"https:\/\/schema.org\",\"@graph\":[{\"@type\":\"WebPage\",\"@id\":\"https:\/\/maverda.fr\/index.php\/production-documentaire\/parfois-il-pleut\/\",\"url\":\"https:\/\/maverda.fr\/index.php\/production-documentaire\/parfois-il-pleut\/\",\"name\":\"parfois il pleut - Les Productions de la Main Verte\",\"isPartOf\":{\"@id\":\"https:\/\/maverda.fr\/#website\"},\"datePublished\":\"2023-10-25T22:09:58+00:00\",\"dateModified\":\"2024-05-12T17:17:32+00:00\",\"breadcrumb\":{\"@id\":\"https:\/\/maverda.fr\/index.php\/production-documentaire\/parfois-il-pleut\/#breadcrumb\"},\"inLanguage\":\"fr-FR\",\"potentialAction\":[{\"@type\":\"ReadAction\",\"target\":[\"https:\/\/maverda.fr\/index.php\/production-documentaire\/parfois-il-pleut\/\"]}]},{\"@type\":\"BreadcrumbList\",\"@id\":\"https:\/\/maverda.fr\/index.php\/production-documentaire\/parfois-il-pleut\/#breadcrumb\",\"itemListElement\":[{\"@type\":\"ListItem\",\"position\":1,\"name\":\"Accueil\",\"item\":\"https:\/\/maverda.fr\/\"},{\"@type\":\"ListItem\",\"position\":2,\"name\":\"Catalogue documentaires\",\"item\":\"https:\/\/maverda.fr\/index.php\/production-documentaire\/\"},{\"@type\":\"ListItem\",\"position\":3,\"name\":\"parfois il pleut\"}]},{\"@type\":\"WebSite\",\"@id\":\"https:\/\/maverda.fr\/#website\",\"url\":\"https:\/\/maverda.fr\/\",\"name\":\"Les Productions de la Main Verte\",\"description\":\"Un site utilisant WordPress\",\"publisher\":{\"@id\":\"https:\/\/maverda.fr\/#organization\"},\"potentialAction\":[{\"@type\":\"SearchAction\",\"target\":{\"@type\":\"EntryPoint\",\"urlTemplate\":\"https:\/\/maverda.fr\/?s={search_term_string}\"},\"query-input\":\"required name=search_term_string\"}],\"inLanguage\":\"fr-FR\"},{\"@type\":\"Organization\",\"@id\":\"https:\/\/maverda.fr\/#organization\",\"name\":\"Les Productions de la Main Verte\",\"url\":\"https:\/\/maverda.fr\/\",\"logo\":{\"@type\":\"ImageObject\",\"inLanguage\":\"fr-FR\",\"@id\":\"https:\/\/maverda.fr\/#\/schema\/logo\/image\/\",\"url\":\"https:\/\/maverda.fr\/wp-content\/uploads\/2024\/05\/cropped-Logo-Main-Verte-Fond-Beige.png\",\"contentUrl\":\"https:\/\/maverda.fr\/wp-content\/uploads\/2024\/05\/cropped-Logo-Main-Verte-Fond-Beige.png\",\"width\":1480,\"height\":397,\"caption\":\"Les Productions de la Main Verte\"},\"image\":{\"@id\":\"https:\/\/maverda.fr\/#\/schema\/logo\/image\/\"}}]}<\/script>\n<!-- \/ Yoast SEO plugin. -->","yoast_head_json":{"title":"parfois il pleut - Les Productions de la Main Verte","robots":{"index":"index","follow":"follow","max-snippet":"max-snippet:-1","max-image-preview":"max-image-preview:large","max-video-preview":"max-video-preview:-1"},"canonical":"https:\/\/maverda.fr\/index.php\/production-documentaire\/parfois-il-pleut\/","og_locale":"fr_FR","og_type":"article","og_title":"parfois il pleut - Les Productions de la Main Verte","og_description":"Parfois il pleut &#8211; Documentaire 52 minutes &#8211; 2023&#8211; Coproduction France T\u00e9l\u00e9visions \/ Les Productions de la Main Verte&#8211; R\u00e9alisation : Arnaud Brugier&#8211; Image et direction technique : Christophe Bardy&#8211; Son : Flavien Papot&#8211; Musique originale et ambiance sonore : Jean Lloveras&#8211; Infographies et Motion design 2D\/3D : Benjamin Trancart&#8211; Voix : Christophe Lafargue&#8211; Enregistrement &hellip; parfois il pleut Lire la suite\u00a0\u00bb","og_url":"https:\/\/maverda.fr\/index.php\/production-documentaire\/parfois-il-pleut\/","og_site_name":"Les Productions de la Main Verte","article_modified_time":"2024-05-12T17:17:32+00:00","og_image":[{"url":"https:\/\/maverda.fr\/wp-content\/uploads\/2023\/10\/Visuel-page-film-1024x669.jpg"}],"twitter_card":"summary_large_image","twitter_misc":{"Dur\u00e9e de lecture estim\u00e9e":"2 minutes"},"schema":{"@context":"https:\/\/schema.org","@graph":[{"@type":"WebPage","@id":"https:\/\/maverda.fr\/index.php\/production-documentaire\/parfois-il-pleut\/","url":"https:\/\/maverda.fr\/index.php\/production-documentaire\/parfois-il-pleut\/","name":"parfois il pleut - Les Productions de la Main Verte","isPartOf":{"@id":"https:\/\/maverda.fr\/#website"},"datePublished":"2023-10-25T22:09:58+00:00","dateModified":"2024-05-12T17:17:32+00:00","breadcrumb":{"@id":"https:\/\/maverda.fr\/index.php\/production-documentaire\/parfois-il-pleut\/#breadcrumb"},"inLanguage":"fr-FR","potentialAction":[{"@type":"ReadAction","target":["https:\/\/maverda.fr\/index.php\/production-documentaire\/parfois-il-pleut\/"]}]},{"@type":"BreadcrumbList","@id":"https:\/\/maverda.fr\/index.php\/production-documentaire\/parfois-il-pleut\/#breadcrumb","itemListElement":[{"@type":"ListItem","position":1,"name":"Accueil","item":"https:\/\/maverda.fr\/"},{"@type":"ListItem","position":2,"name":"Catalogue documentaires","item":"https:\/\/maverda.fr\/index.php\/production-documentaire\/"},{"@type":"ListItem","position":3,"name":"parfois il pleut"}]},{"@type":"WebSite","@id":"https:\/\/maverda.fr\/#website","url":"https:\/\/maverda.fr\/","name":"Les Productions de la Main Verte","description":"Un site utilisant WordPress","publisher":{"@id":"https:\/\/maverda.fr\/#organization"},"potentialAction":[{"@type":"SearchAction","target":{"@type":"EntryPoint","urlTemplate":"https:\/\/maverda.fr\/?s={search_term_string}"},"query-input":"required name=search_term_string"}],"inLanguage":"fr-FR"},{"@type":"Organization","@id":"https:\/\/maverda.fr\/#organization","name":"Les Productions de la Main Verte","url":"https:\/\/maverda.fr\/","logo":{"@type":"ImageObject","inLanguage":"fr-FR","@id":"https:\/\/maverda.fr\/#\/schema\/logo\/image\/","url":"https:\/\/maverda.fr\/wp-content\/uploads\/2024\/05\/cropped-Logo-Main-Verte-Fond-Beige.png","contentUrl":"https:\/\/maverda.fr\/wp-content\/uploads\/2024\/05\/cropped-Logo-Main-Verte-Fond-Beige.png","width":1480,"height":397,"caption":"Les Productions de la Main Verte"},"image":{"@id":"https:\/\/maverda.fr\/#\/schema\/logo\/image\/"}}]}},"_links":{"self":[{"href":"https:\/\/maverda.fr\/index.php\/wp-json\/wp\/v2\/pages\/1037","targetHints":{"allow":["GET"]}}],"collection":[{"href":"https:\/\/maverda.fr\/index.php\/wp-json\/wp\/v2\/pages"}],"about":[{"href":"https:\/\/maverda.fr\/index.php\/wp-json\/wp\/v2\/types\/page"}],"author":[{"embeddable":true,"href":"https:\/\/maverda.fr\/index.php\/wp-json\/wp\/v2\/users\/1"}],"replies":[{"embeddable":true,"href":"https:\/\/maverda.fr\/index.php\/wp-json\/wp\/v2\/comments?post=1037"}],"version-history":[{"count":296,"href":"https:\/\/maverda.fr\/index.php\/wp-json\/wp\/v2\/pages\/1037\/revisions"}],"predecessor-version":[{"id":2711,"href":"https:\/\/maverda.fr\/index.php\/wp-json\/wp\/v2\/pages\/1037\/revisions\/2711"}],"up":[{"embeddable":true,"href":"https:\/\/maverda.fr\/index.php\/wp-json\/wp\/v2\/pages\/146"}],"wp:attachment":[{"href":"https:\/\/maverda.fr\/index.php\/wp-json\/wp\/v2\/media?parent=1037"}],"curies":[{"name":"wp","href":"https:\/\/api.w.org\/{rel}","templated":true}]}}