{"id":10,"date":"2022-12-23T13:59:01","date_gmt":"2022-12-23T12:59:01","guid":{"rendered":"https:\/\/maverda.fr\/?page_id=10"},"modified":"2023-02-14T16:28:37","modified_gmt":"2023-02-14T15:28:37","slug":"accueil","status":"publish","type":"page","link":"https:\/\/maverda.fr\/","title":{"rendered":"Accueil"},"content":{"rendered":"\t\t<div data-elementor-type=\"wp-page\" data-elementor-id=\"10\" class=\"elementor elementor-10\">\n\t\t\t\t\t\t\t\t\t<section class=\"elementor-section elementor-top-section elementor-element elementor-element-eaaaaf3 elementor-section-full_width elementor-section-stretched elementor-section-height-default elementor-section-height-default\" data-id=\"eaaaaf3\" data-element_type=\"section\" data-settings=\"{&quot;stretch_section&quot;:&quot;section-stretched&quot;}\">\n\t\t\t\t\t\t<div class=\"elementor-container elementor-column-gap-default\">\n\t\t\t\t\t<div class=\"elementor-column elementor-col-100 elementor-top-column elementor-element elementor-element-556a8e6\" data-id=\"556a8e6\" data-element_type=\"column\">\n\t\t\t<div class=\"elementor-widget-wrap elementor-element-populated\">\n\t\t\t\t\t\t\t\t<div class=\"elementor-element elementor-element-aa3e027 elementor-widget elementor-widget-html\" data-id=\"aa3e027\" data-element_type=\"widget\" data-widget_type=\"html.default\">\n\t\t\t\t<div class=\"elementor-widget-container\">\n\t\t\t<div id=\"background\">\n            <div class=\"bg-video bg-large\">\n                <video id=\"media\" autoplay muted loop playsinline src=\"\">\n\n                <\/video>\n            <\/div>\t\t<\/div>\n\t\t\t\t<\/div>\n\t\t\t\t\t<\/div>\n\t\t<\/div>\n\t\t\t\t\t\t\t<\/div>\n\t\t<\/section>\n\t\t\t\t<section class=\"elementor-section elementor-top-section elementor-element elementor-element-89eaa69 elementor-section-boxed elementor-section-height-default elementor-section-height-default\" data-id=\"89eaa69\" data-element_type=\"section\">\n\t\t\t\t\t\t<div class=\"elementor-container elementor-column-gap-default\">\n\t\t\t\t\t<div class=\"elementor-column elementor-col-100 elementor-top-column elementor-element elementor-element-da740a5\" data-id=\"da740a5\" data-element_type=\"column\">\n\t\t\t<div class=\"elementor-widget-wrap elementor-element-populated\">\n\t\t\t\t\t\t\t\t<div class=\"elementor-element elementor-element-e52a40c elementor-widget__width-inherit elementor-widget elementor-widget-heading\" data-id=\"e52a40c\" data-element_type=\"widget\" data-widget_type=\"heading.default\">\n\t\t\t\t<div class=\"elementor-widget-container\">\n\t\t\t<style>\/*! elementor - v3.10.0 - 09-01-2023 *\/\n.elementor-heading-title{padding:0;margin:0;line-height:1}.elementor-widget-heading .elementor-heading-title[class*=elementor-size-]>a{color:inherit;font-size:inherit;line-height:inherit}.elementor-widget-heading .elementor-heading-title.elementor-size-small{font-size:15px}.elementor-widget-heading .elementor-heading-title.elementor-size-medium{font-size:19px}.elementor-widget-heading .elementor-heading-title.elementor-size-large{font-size:29px}.elementor-widget-heading .elementor-heading-title.elementor-size-xl{font-size:39px}.elementor-widget-heading .elementor-heading-title.elementor-size-xxl{font-size:59px}<\/style><h1 class=\"elementor-heading-title elementor-size-default\">Les Productions de la Main Verte<\/h1>\t\t<\/div>\n\t\t\t\t<\/div>\n\t\t\t\t\t<\/div>\n\t\t<\/div>\n\t\t\t\t\t\t\t<\/div>\n\t\t<\/section>\n\t\t\t\t<section class=\"elementor-section elementor-top-section elementor-element elementor-element-dfcef00 elementor-section-boxed elementor-section-height-default elementor-section-height-default\" data-id=\"dfcef00\" data-element_type=\"section\">\n\t\t\t\t\t\t<div class=\"elementor-container elementor-column-gap-default\">\n\t\t\t\t\t<div class=\"elementor-column elementor-col-100 elementor-top-column elementor-element elementor-element-1e06a01\" data-id=\"1e06a01\" data-element_type=\"column\">\n\t\t\t<div class=\"elementor-widget-wrap elementor-element-populated\">\n\t\t\t\t\t\t\t\t<div class=\"elementor-element elementor-element-0b516ab elementor-widget elementor-widget-heading\" data-id=\"0b516ab\" data-element_type=\"widget\" data-widget_type=\"heading.default\">\n\t\t\t\t<div class=\"elementor-widget-container\">\n\t\t\t<h2 class=\"elementor-heading-title elementor-size-default\">\u00ab Apporter un regard pour raconter et documenter des histoires du r\u00e9el, et par <br> le singulier, toucher \u00e0 l'universel et tenter d'\u00e9clairer sur les enjeux de notre monde \u00bb<\/h2>\t\t<\/div>\n\t\t\t\t<\/div>\n\t\t\t\t\t<\/div>\n\t\t<\/div>\n\t\t\t\t\t\t\t<\/div>\n\t\t<\/section>\n\t\t\t\t<section class=\"elementor-section elementor-top-section elementor-element elementor-element-a2cd0a9 elementor-section-boxed elementor-section-height-default elementor-section-height-default\" data-id=\"a2cd0a9\" data-element_type=\"section\">\n\t\t\t\t\t\t<div class=\"elementor-container elementor-column-gap-default\">\n\t\t\t\t\t<div class=\"elementor-column elementor-col-100 elementor-top-column elementor-element elementor-element-bf93f51\" data-id=\"bf93f51\" data-element_type=\"column\">\n\t\t\t<div class=\"elementor-widget-wrap elementor-element-populated\">\n\t\t\t\t\t\t\t\t<div class=\"elementor-element elementor-element-54eca47 elementor-widget elementor-widget-text-editor\" data-id=\"54eca47\" data-element_type=\"widget\" id=\"police\" data-widget_type=\"text-editor.default\">\n\t\t\t\t<div class=\"elementor-widget-container\">\n\t\t\t<style>\/*! elementor - v3.10.0 - 09-01-2023 *\/\n.elementor-widget-text-editor.elementor-drop-cap-view-stacked .elementor-drop-cap{background-color:#818a91;color:#fff}.elementor-widget-text-editor.elementor-drop-cap-view-framed .elementor-drop-cap{color:#818a91;border:3px solid;background-color:transparent}.elementor-widget-text-editor:not(.elementor-drop-cap-view-default) .elementor-drop-cap{margin-top:8px}.elementor-widget-text-editor:not(.elementor-drop-cap-view-default) .elementor-drop-cap-letter{width:1em;height:1em}.elementor-widget-text-editor .elementor-drop-cap{float:left;text-align:center;line-height:1;font-size:50px}.elementor-widget-text-editor .elementor-drop-cap-letter{display:inline-block}<\/style>\t\t\t\t<p>Les Productions de la Main Verte\u00a0est une soci\u00e9t\u00e9 de production audiovisuelle et cin\u00e9matographique fond\u00e9e en 2008 avec le statut de SARL Coop\u00e9rative (SCRL) pour poursuivre dix ans de cr\u00e9ation au sein d\u2019une structure associative et pour p\u00e9renniser nos m\u00e9thodes de travail et renforcer une certaine ind\u00e9pendance dans nos choix \u00e9ditoriaux et d\u2019investigation.<\/p><p>Nous produisons, distribuons et \u00e9ditons des films documentaires moyen et long m\u00e9trage avec une ligne \u00e9ditoriale d\u00e9di\u00e9e \u00e0 l&rsquo;Histoire, la Soci\u00e9t\u00e9, la G\u00e9ographie et les Territoires ruraux principalement.<\/p><p>Nous faisons \u00e9galement des enregistrements live, des captations de concerts et r\u00e9alisons au sein de notre structure des films corporate &amp; promotionnels dans plusieurs domaines (\u00e9conomie solidaire, am\u00e9nagement du territoire, environnement et agriculture).<\/p>\t\t\t\t\t\t<\/div>\n\t\t\t\t<\/div>\n\t\t\t\t\t<\/div>\n\t\t<\/div>\n\t\t\t\t\t\t\t<\/div>\n\t\t<\/section>\n\t\t\t\t\t\t\t<\/div>\n\t\t","protected":false},"excerpt":{"rendered":"<p>Les Productions de la Main Verte \u00ab Apporter un regard pour raconter et documenter des histoires du r\u00e9el, et par le singulier, toucher \u00e0 l&rsquo;universel et tenter d&rsquo;\u00e9clairer sur les enjeux de notre monde \u00bb Les Productions de la Main Verte&nbsp;est une soci\u00e9t\u00e9 de production audiovisuelle et cin\u00e9matographique fond\u00e9e en 2008 avec le statut de &hellip;<\/p>\n<p class=\"read-more\"> <a class=\"\" href=\"https:\/\/maverda.fr\/\"> <span class=\"screen-reader-text\">Accueil<\/span> Lire la suite\u00a0\u00bb<\/a><\/p>\n","protected":false},"author":1,"featured_media":0,"parent":0,"menu_order":0,"comment_status":"closed","ping_status":"closed","template":"","meta":{"site-sidebar-layout":"no-sidebar","site-content-layout":"page-builder","ast-global-header-display":"","ast-main-header-display":"","ast-hfb-above-header-display":"","ast-hfb-below-header-display":"","ast-hfb-mobile-header-display":"","site-post-title":"disabled","ast-breadcrumbs-content":"","ast-featured-img":"disabled","footer-sml-layout":"","theme-transparent-header-meta":"","adv-header-id-meta":"","stick-header-meta":"","header-above-stick-meta":"","header-main-stick-meta":"","header-below-stick-meta":"","footnotes":""},"class_list":["post-10","page","type-page","status-publish","hentry"],"yoast_head":"<!-- This site is optimized with the Yoast SEO plugin v21.5 - https:\/\/yoast.com\/wordpress\/plugins\/seo\/ -->\n<title>Les Productions de la Main Verte<\/title>\n<meta name=\"description\" content=\"Production audiovisuelle ind\u00e9pendante. Documentaires, captations live &amp; films corporate. Histoire, Soci\u00e9t\u00e9, G\u00e9ographie, Territoires ruraux.\" \/>\n<meta name=\"robots\" content=\"index, follow, max-snippet:-1, max-image-preview:large, max-video-preview:-1\" \/>\n<link rel=\"canonical\" href=\"https:\/\/maverda.fr\/\" \/>\n<meta property=\"og:locale\" content=\"fr_FR\" \/>\n<meta property=\"og:type\" content=\"article\" \/>\n<meta property=\"og:title\" content=\"Les Productions de la Main Verte\" \/>\n<meta property=\"og:description\" content=\"Production audiovisuelle ind\u00e9pendante. Documentaires, captations live &amp; films corporate. Histoire, Soci\u00e9t\u00e9, G\u00e9ographie, Territoires ruraux.\" \/>\n<meta property=\"og:url\" content=\"https:\/\/maverda.fr\/\" \/>\n<meta property=\"og:site_name\" content=\"Les Productions de la Main Verte\" \/>\n<meta property=\"article:modified_time\" content=\"2023-02-14T15:28:37+00:00\" \/>\n<meta name=\"twitter:card\" content=\"summary_large_image\" \/>\n<meta name=\"twitter:label1\" content=\"Dur\u00e9e de lecture estim\u00e9e\" \/>\n\t<meta name=\"twitter:data1\" content=\"1 minute\" \/>\n<script type=\"application\/ld+json\" class=\"yoast-schema-graph\">{\"@context\":\"https:\/\/schema.org\",\"@graph\":[{\"@type\":\"WebPage\",\"@id\":\"https:\/\/maverda.fr\/\",\"url\":\"https:\/\/maverda.fr\/\",\"name\":\"Les Productions de la Main Verte\",\"isPartOf\":{\"@id\":\"https:\/\/maverda.fr\/#website\"},\"datePublished\":\"2022-12-23T12:59:01+00:00\",\"dateModified\":\"2023-02-14T15:28:37+00:00\",\"description\":\"Production audiovisuelle ind\u00e9pendante. Documentaires, captations live & films corporate. Histoire, Soci\u00e9t\u00e9, G\u00e9ographie, Territoires ruraux.\",\"breadcrumb\":{\"@id\":\"https:\/\/maverda.fr\/#breadcrumb\"},\"inLanguage\":\"fr-FR\",\"potentialAction\":[{\"@type\":\"ReadAction\",\"target\":[\"https:\/\/maverda.fr\/\"]}]},{\"@type\":\"BreadcrumbList\",\"@id\":\"https:\/\/maverda.fr\/#breadcrumb\",\"itemListElement\":[{\"@type\":\"ListItem\",\"position\":1,\"name\":\"Accueil\",\"item\":\"https:\/\/maverda.fr\/\"},{\"@type\":\"ListItem\",\"position\":2,\"name\":\"Accueil\"}]},{\"@type\":\"WebSite\",\"@id\":\"https:\/\/maverda.fr\/#website\",\"url\":\"https:\/\/maverda.fr\/\",\"name\":\"Les Productions de la Main Verte\",\"description\":\"Un site utilisant WordPress\",\"publisher\":{\"@id\":\"https:\/\/maverda.fr\/#organization\"},\"potentialAction\":[{\"@type\":\"SearchAction\",\"target\":{\"@type\":\"EntryPoint\",\"urlTemplate\":\"https:\/\/maverda.fr\/?s={search_term_string}\"},\"query-input\":\"required name=search_term_string\"}],\"inLanguage\":\"fr-FR\"},{\"@type\":\"Organization\",\"@id\":\"https:\/\/maverda.fr\/#organization\",\"name\":\"Les Productions de la Main Verte\",\"url\":\"https:\/\/maverda.fr\/\",\"logo\":{\"@type\":\"ImageObject\",\"inLanguage\":\"fr-FR\",\"@id\":\"https:\/\/maverda.fr\/#\/schema\/logo\/image\/\",\"url\":\"https:\/\/maverda.fr\/wp-content\/uploads\/2024\/05\/cropped-Logo-Main-Verte-Fond-Beige.png\",\"contentUrl\":\"https:\/\/maverda.fr\/wp-content\/uploads\/2024\/05\/cropped-Logo-Main-Verte-Fond-Beige.png\",\"width\":1480,\"height\":397,\"caption\":\"Les Productions de la Main Verte\"},\"image\":{\"@id\":\"https:\/\/maverda.fr\/#\/schema\/logo\/image\/\"}}]}<\/script>\n<!-- \/ Yoast SEO plugin. -->","yoast_head_json":{"title":"Les Productions de la Main Verte","description":"Production audiovisuelle ind\u00e9pendante. Documentaires, captations live & films corporate. Histoire, Soci\u00e9t\u00e9, G\u00e9ographie, Territoires ruraux.","robots":{"index":"index","follow":"follow","max-snippet":"max-snippet:-1","max-image-preview":"max-image-preview:large","max-video-preview":"max-video-preview:-1"},"canonical":"https:\/\/maverda.fr\/","og_locale":"fr_FR","og_type":"article","og_title":"Les Productions de la Main Verte","og_description":"Production audiovisuelle ind\u00e9pendante. Documentaires, captations live & films corporate. Histoire, Soci\u00e9t\u00e9, G\u00e9ographie, Territoires ruraux.","og_url":"https:\/\/maverda.fr\/","og_site_name":"Les Productions de la Main Verte","article_modified_time":"2023-02-14T15:28:37+00:00","twitter_card":"summary_large_image","twitter_misc":{"Dur\u00e9e de lecture estim\u00e9e":"1 minute"},"schema":{"@context":"https:\/\/schema.org","@graph":[{"@type":"WebPage","@id":"https:\/\/maverda.fr\/","url":"https:\/\/maverda.fr\/","name":"Les Productions de la Main Verte","isPartOf":{"@id":"https:\/\/maverda.fr\/#website"},"datePublished":"2022-12-23T12:59:01+00:00","dateModified":"2023-02-14T15:28:37+00:00","description":"Production audiovisuelle ind\u00e9pendante. Documentaires, captations live & films corporate. Histoire, Soci\u00e9t\u00e9, G\u00e9ographie, Territoires ruraux.","breadcrumb":{"@id":"https:\/\/maverda.fr\/#breadcrumb"},"inLanguage":"fr-FR","potentialAction":[{"@type":"ReadAction","target":["https:\/\/maverda.fr\/"]}]},{"@type":"BreadcrumbList","@id":"https:\/\/maverda.fr\/#breadcrumb","itemListElement":[{"@type":"ListItem","position":1,"name":"Accueil","item":"https:\/\/maverda.fr\/"},{"@type":"ListItem","position":2,"name":"Accueil"}]},{"@type":"WebSite","@id":"https:\/\/maverda.fr\/#website","url":"https:\/\/maverda.fr\/","name":"Les Productions de la Main Verte","description":"Un site utilisant WordPress","publisher":{"@id":"https:\/\/maverda.fr\/#organization"},"potentialAction":[{"@type":"SearchAction","target":{"@type":"EntryPoint","urlTemplate":"https:\/\/maverda.fr\/?s={search_term_string}"},"query-input":"required name=search_term_string"}],"inLanguage":"fr-FR"},{"@type":"Organization","@id":"https:\/\/maverda.fr\/#organization","name":"Les Productions de la Main Verte","url":"https:\/\/maverda.fr\/","logo":{"@type":"ImageObject","inLanguage":"fr-FR","@id":"https:\/\/maverda.fr\/#\/schema\/logo\/image\/","url":"https:\/\/maverda.fr\/wp-content\/uploads\/2024\/05\/cropped-Logo-Main-Verte-Fond-Beige.png","contentUrl":"https:\/\/maverda.fr\/wp-content\/uploads\/2024\/05\/cropped-Logo-Main-Verte-Fond-Beige.png","width":1480,"height":397,"caption":"Les Productions de la Main Verte"},"image":{"@id":"https:\/\/maverda.fr\/#\/schema\/logo\/image\/"}}]}},"_links":{"self":[{"href":"https:\/\/maverda.fr\/index.php\/wp-json\/wp\/v2\/pages\/10","targetHints":{"allow":["GET"]}}],"collection":[{"href":"https:\/\/maverda.fr\/index.php\/wp-json\/wp\/v2\/pages"}],"about":[{"href":"https:\/\/maverda.fr\/index.php\/wp-json\/wp\/v2\/types\/page"}],"author":[{"embeddable":true,"href":"https:\/\/maverda.fr\/index.php\/wp-json\/wp\/v2\/users\/1"}],"replies":[{"embeddable":true,"href":"https:\/\/maverda.fr\/index.php\/wp-json\/wp\/v2\/comments?post=10"}],"version-history":[{"count":247,"href":"https:\/\/maverda.fr\/index.php\/wp-json\/wp\/v2\/pages\/10\/revisions"}],"predecessor-version":[{"id":808,"href":"https:\/\/maverda.fr\/index.php\/wp-json\/wp\/v2\/pages\/10\/revisions\/808"}],"wp:attachment":[{"href":"https:\/\/maverda.fr\/index.php\/wp-json\/wp\/v2\/media?parent=10"}],"curies":[{"name":"wp","href":"https:\/\/api.w.org\/{rel}","templated":true}]}}